{"id":305,"date":"2025-12-16T14:47:49","date_gmt":"2025-12-16T11:47:49","guid":{"rendered":"http:\/\/localhost\/?page_id=305"},"modified":"2025-12-16T14:47:49","modified_gmt":"2025-12-16T11:47:49","slug":"anasayfa","status":"publish","type":"page","link":"https:\/\/xn--ankarannizleri-cgc.com\/?page_id=305","title":{"rendered":"Ankara&#8217;n\u0131n \u0130zleri"},"content":{"rendered":"\t\t<div data-elementor-type=\"wp-page\" data-elementor-id=\"305\" class=\"elementor elementor-305\">\n\t\t\t\t<div class=\"elementor-element elementor-element-50b17ef7 e-con-full e-flex e-con e-parent\" data-id=\"50b17ef7\" data-element_type=\"container\" data-settings=\"{&quot;background_background&quot;:&quot;classic&quot;}\">\n\t\t<div class=\"elementor-element elementor-element-71809dff e-con-full e-flex e-con e-child\" data-id=\"71809dff\" data-element_type=\"container\">\n\t\t\t\t<div class=\"elementor-element elementor-element-35cd3295 elementor-widget elementor-widget-heading\" data-id=\"35cd3295\" data-element_type=\"widget\" data-widget_type=\"heading.default\">\n\t\t\t\t\t<h2 class=\"elementor-heading-title elementor-size-default\">An\u0131tkabir<\/h2>\t\t\t\t<\/div>\n\t\t\t\t<div class=\"elementor-element elementor-element-73348016 elementor-widget elementor-widget-text-editor\" data-id=\"73348016\" data-element_type=\"widget\" data-widget_type=\"text-editor.default\">\n\t\t\t\t\t\t\t\t\t<p>An\u0131tkabir, T\u00fcrkiye Cumhuriyeti&#8217;nin kurucusu Mustafa Kemal Atat\u00fcrk&#8217;\u00fcn modern ve geleneksel mimarinin e\u015fsiz bir sentezi olan ebedi istirahatgah\u0131d\u0131r. Ankara&#8217;n\u0131n kalbinde y\u00fckselen bu an\u0131t kompleks, her k\u00f6\u015fesindeki derin sembolizm ve bar\u0131nd\u0131rd\u0131\u011f\u0131 Kurtulu\u015f Sava\u015f\u0131 m\u00fczesiyle milli m\u00fccadelenin ruhunu ziyaret\u00e7ilerine hissettirir.<\/p>\t\t\t\t\t\t\t\t<\/div>\n\t\t\t\t<\/div>\n\t\t<div class=\"elementor-element elementor-element-3d0a3d16 e-con-full e-flex e-con e-child\" data-id=\"3d0a3d16\" data-element_type=\"container\">\n\t\t\t\t<div class=\"elementor-element elementor-element-2ff42959 elementor-widget elementor-widget-image\" data-id=\"2ff42959\" data-element_type=\"widget\" data-widget_type=\"image.default\">\n\t\t\t\t\t\t\t\t\t\t\t\t\t\t\t<img decoding=\"async\" src=\"http:\/\/localhost\/wp-content\/uploads\/2025\/12\/istockphoto-471509753-612x612-1.jpg\" title=\"\" alt=\"\" loading=\"lazy\" \/>\t\t\t\t\t\t\t\t\t\t\t\t\t\t\t<\/div>\n\t\t\t\t<\/div>\n\t\t\t\t<\/div>\n\t\t<div class=\"elementor-element elementor-element-4494e08b e-con-full e-flex e-con e-parent\" data-id=\"4494e08b\" data-element_type=\"container\" data-settings=\"{&quot;background_background&quot;:&quot;classic&quot;}\">\n\t\t<div class=\"elementor-element elementor-element-551cb31f e-con-full e-flex e-con e-child\" data-id=\"551cb31f\" data-element_type=\"container\">\n\t\t\t\t<div class=\"elementor-element elementor-element-46c05cb4 elementor-widget elementor-widget-heading\" data-id=\"46c05cb4\" data-element_type=\"widget\" data-widget_type=\"heading.default\">\n\t\t\t\t\t<h2 class=\"elementor-heading-title elementor-size-default\">Ankara Kalesi<br><\/h2>\t\t\t\t<\/div>\n\t\t\t\t<div class=\"elementor-element elementor-element-4321f33f elementor-widget elementor-widget-text-editor\" data-id=\"4321f33f\" data-element_type=\"widget\" data-widget_type=\"text-editor.default\">\n\t\t\t\t\t\t\t\t\t<p>\u015eehrin en eski tan\u0131\u011f\u0131 olan Ankara Kalesi, dar sokaklar\u0131 ve tarihi evleriyle sizi Osmanl\u0131\u2019dan Cumhuriyet\u2019e uzanan bir zaman yolculu\u011funa \u00e7\u0131kar\u0131r. Kalenin en y\u00fcksek noktas\u0131 olan Akkale\u2019ye \u00e7\u0131kt\u0131\u011f\u0131n\u0131zda, t\u00fcm Ankara\u2019n\u0131n panoramik manzaras\u0131 b\u00fcy\u00fcleyici bir tablo gibi \u00f6n\u00fcn\u00fcze serilir.<\/p>\t\t\t\t\t\t\t\t<\/div>\n\t\t\t\t<\/div>\n\t\t<div class=\"elementor-element elementor-element-7ea57aea e-con-full e-flex e-con e-child\" data-id=\"7ea57aea\" data-element_type=\"container\">\n\t\t\t\t<div class=\"elementor-element elementor-element-79ab8435 elementor-widget elementor-widget-image\" data-id=\"79ab8435\" data-element_type=\"widget\" data-widget_type=\"image.default\">\n\t\t\t\t\t\t\t\t\t\t\t\t\t\t\t<img decoding=\"async\" src=\"http:\/\/localhost\/wp-content\/uploads\/2025\/12\/Ankara_Kalesi.png\" title=\"\" alt=\"\" loading=\"lazy\" \/>\t\t\t\t\t\t\t\t\t\t\t\t\t\t\t<\/div>\n\t\t\t\t<\/div>\n\t\t\t\t<\/div>\n\t\t<div class=\"elementor-element elementor-element-a7e251b e-con-full e-flex e-con e-parent\" data-id=\"a7e251b\" data-element_type=\"container\" data-settings=\"{&quot;background_background&quot;:&quot;classic&quot;}\">\n\t\t<div class=\"elementor-element elementor-element-2e735415 e-con-full e-flex e-con e-child\" data-id=\"2e735415\" data-element_type=\"container\">\n\t\t\t\t<div class=\"elementor-element elementor-element-7b776580 elementor-widget elementor-widget-heading\" data-id=\"7b776580\" data-element_type=\"widget\" data-widget_type=\"heading.default\">\n\t\t\t\t\t<h2 class=\"elementor-heading-title elementor-size-default\">Hamam\u00f6n\u00fc<\/h2>\t\t\t\t<\/div>\n\t\t\t\t<div class=\"elementor-element elementor-element-1de7a8af elementor-widget elementor-widget-text-editor\" data-id=\"1de7a8af\" data-element_type=\"widget\" data-widget_type=\"text-editor.default\">\n\t\t\t\t\t\t\t\t\t<p>Restore edilmi\u015f tarihi konaklar\u0131 ve \u00e7i\u00e7eklerle bezeli sokaklar\u0131yla Hamam\u00f6n\u00fc, eski Ankara ruhunu en canl\u0131 haliyle ya\u015fatan nostaljik bir semttir. Sanat soka\u011f\u0131ndaki el eme\u011fi \u00fcr\u00fcnleri inceleyebilir, tarihi bir konakta kumda pi\u015fmi\u015f yorgunluk kahvenizi yudumlayabilirsiniz.<\/p>\t\t\t\t\t\t\t\t<\/div>\n\t\t\t\t<\/div>\n\t\t<div class=\"elementor-element elementor-element-155e47a5 e-con-full e-flex e-con e-child\" data-id=\"155e47a5\" data-element_type=\"container\">\n\t\t\t\t<div class=\"elementor-element elementor-element-74f6e4a2 elementor-widget elementor-widget-image\" data-id=\"74f6e4a2\" data-element_type=\"widget\" data-widget_type=\"image.default\">\n\t\t\t\t\t\t\t\t\t\t\t\t\t\t\t<img decoding=\"async\" src=\"http:\/\/localhost\/wp-content\/uploads\/2025\/12\/Hamamonu.jpg\" title=\"\" alt=\"\" loading=\"lazy\" \/>\t\t\t\t\t\t\t\t\t\t\t\t\t\t\t<\/div>\n\t\t\t\t<\/div>\n\t\t\t\t<\/div>\n\t\t<div class=\"elementor-element elementor-element-4442dad1 e-con-full e-flex e-con e-parent\" data-id=\"4442dad1\" data-element_type=\"container\" data-settings=\"{&quot;background_background&quot;:&quot;classic&quot;}\">\n\t\t<div class=\"elementor-element elementor-element-69529fb2 e-con-full e-flex e-con e-child\" data-id=\"69529fb2\" data-element_type=\"container\">\n\t\t\t\t<div class=\"elementor-element elementor-element-3d51b1ab elementor-widget elementor-widget-heading\" data-id=\"3d51b1ab\" data-element_type=\"widget\" data-widget_type=\"heading.default\">\n\t\t\t\t\t<h2 class=\"elementor-heading-title elementor-size-default\">Eymir G\u00f6l\u00fc<\/h2>\t\t\t\t<\/div>\n\t\t\t\t<div class=\"elementor-element elementor-element-4851b7e2 elementor-widget elementor-widget-text-editor\" data-id=\"4851b7e2\" data-element_type=\"widget\" data-widget_type=\"text-editor.default\">\n\t\t\t\t\t\t\t\t\t<p>\u015eehrin g\u00fcr\u00fclt\u00fcs\u00fcnden ka\u00e7\u0131p do\u011faya s\u0131\u011f\u0131nmak isteyenler i\u00e7in Eymir G\u00f6l\u00fc, Ankara\u2019n\u0131n en huzurlu ka\u00e7\u0131\u015f noktas\u0131d\u0131r. G\u00f6l \u00e7evresinde uzun bisiklet turlar\u0131 yapabilir ya da do\u011fan\u0131n kalbinde, a\u011fa\u00e7lar\u0131n g\u00f6lgesinde sakin bir y\u00fcr\u00fcy\u00fc\u015fle tazelenebilirsiniz.<\/p>\t\t\t\t\t\t\t\t<\/div>\n\t\t\t\t<\/div>\n\t\t<div class=\"elementor-element elementor-element-22956507 e-con-full e-flex e-con e-child\" data-id=\"22956507\" data-element_type=\"container\">\n\t\t\t\t<div class=\"elementor-element elementor-element-3b6cfe27 elementor-widget elementor-widget-image\" data-id=\"3b6cfe27\" data-element_type=\"widget\" data-widget_type=\"image.default\">\n\t\t\t\t\t\t\t\t\t\t\t\t\t\t\t<img decoding=\"async\" src=\"http:\/\/localhost\/wp-content\/uploads\/2025\/12\/Lake_Eymir2.jpg\" title=\"\" alt=\"\" loading=\"lazy\" \/>\t\t\t\t\t\t\t\t\t\t\t\t\t\t\t<\/div>\n\t\t\t\t<\/div>\n\t\t\t\t<\/div>\n\t\t<div class=\"elementor-element elementor-element-6183936f e-con-full e-flex e-con e-parent\" data-id=\"6183936f\" data-element_type=\"container\" data-settings=\"{&quot;background_background&quot;:&quot;classic&quot;}\">\n\t\t<div class=\"elementor-element elementor-element-513a006d e-con-full e-flex e-con e-child\" data-id=\"513a006d\" data-element_type=\"container\">\n\t\t\t\t<div class=\"elementor-element elementor-element-5e12ccfe elementor-widget elementor-widget-heading\" data-id=\"5e12ccfe\" data-element_type=\"widget\" data-widget_type=\"heading.default\">\n\t\t\t\t\t<h2 class=\"elementor-heading-title elementor-size-default\">Augustus Tap\u0131na\u011f\u0131 ve Hac\u0131 Bayram Camii<\/h2>\t\t\t\t<\/div>\n\t\t\t\t<div class=\"elementor-element elementor-element-6323b61e elementor-widget elementor-widget-text-editor\" data-id=\"6323b61e\" data-element_type=\"widget\" data-widget_type=\"text-editor.default\">\n\t\t\t\t\t\t\t\t\t<p>Yan yana duran bu iki yap\u0131, Ankara\u2019n\u0131n ho\u015fg\u00f6r\u00fc ve inan\u00e7 tarihinin en g\u00fc\u00e7l\u00fc simgeleridir. Roma d\u00f6nemine ait yaz\u0131tlarla bezeli antik tap\u0131nak ile Sel\u00e7uklu ve Osmanl\u0131 mimarisinin izlerini ta\u015f\u0131yan kutsal cami, ziyaret\u00e7ilerine ayn\u0131 anda iki farkl\u0131 d\u00fcnyay\u0131 ya\u015fat\u0131r.<\/p>\t\t\t\t\t\t\t\t<\/div>\n\t\t\t\t<\/div>\n\t\t<div class=\"elementor-element elementor-element-2408b2c e-con-full e-flex e-con e-child\" data-id=\"2408b2c\" data-element_type=\"container\">\n\t\t\t\t<div class=\"elementor-element elementor-element-38fa10e0 elementor-widget elementor-widget-image\" data-id=\"38fa10e0\" data-element_type=\"widget\" data-widget_type=\"image.default\">\n\t\t\t\t\t\t\t\t\t\t\t\t\t\t\t<img decoding=\"async\" src=\"http:\/\/localhost\/wp-content\/uploads\/2025\/12\/Augustus-Tapinagi-Hacibayram-Camii-1.jpg\" title=\"\" alt=\"\" loading=\"lazy\" \/>\t\t\t\t\t\t\t\t\t\t\t\t\t\t\t<\/div>\n\t\t\t\t<\/div>\n\t\t\t\t<\/div>\n\t\t<div class=\"elementor-element elementor-element-7b25902f e-con-full e-flex e-con e-parent\" data-id=\"7b25902f\" data-element_type=\"container\" data-settings=\"{&quot;background_background&quot;:&quot;classic&quot;}\">\n\t\t<div class=\"elementor-element elementor-element-ac30b29 e-con-full e-flex e-con e-child\" data-id=\"ac30b29\" data-element_type=\"container\">\n\t\t\t\t<div class=\"elementor-element elementor-element-7e7d897 elementor-widget elementor-widget-heading\" data-id=\"7e7d897\" data-element_type=\"widget\" data-widget_type=\"heading.default\">\n\t\t\t\t\t<h2 class=\"elementor-heading-title elementor-size-default\">CerModern<\/h2>\t\t\t\t<\/div>\n\t\t\t\t<div class=\"elementor-element elementor-element-5f0f39d4 elementor-widget elementor-widget-text-editor\" data-id=\"5f0f39d4\" data-element_type=\"widget\" data-widget_type=\"text-editor.default\">\n\t\t\t\t\t\t\t\t\t<p>Eski bir demiryolu hangisinden modern bir sanat merkezine d\u00f6n\u00fc\u015fen CerModern, Ankara\u2019n\u0131n k\u00fclt\u00fcrel nabz\u0131n\u0131 tutan en \u00f6nemli durakt\u0131r. Dinamik sergileri, a\u00e7\u0131k hava sinemas\u0131 ve end\u00fcstriyel esteti\u011fiyle sanatseverlere ilham veren \u00e7a\u011fda\u015f bir atmosfer sunar.<\/p>\t\t\t\t\t\t\t\t<\/div>\n\t\t\t\t<\/div>\n\t\t<div class=\"elementor-element elementor-element-1ef9abdc e-con-full e-flex e-con e-child\" data-id=\"1ef9abdc\" data-element_type=\"container\">\n\t\t\t\t<div class=\"elementor-element elementor-element-45ab1a91 elementor-widget elementor-widget-image\" data-id=\"45ab1a91\" data-element_type=\"widget\" data-widget_type=\"image.default\">\n\t\t\t\t\t\t\t\t\t\t\t\t\t\t\t<img decoding=\"async\" src=\"http:\/\/localhost\/wp-content\/uploads\/2025\/12\/Cermodern.jpg\" title=\"\" alt=\"\" loading=\"lazy\" \/>\t\t\t\t\t\t\t\t\t\t\t\t\t\t\t<\/div>\n\t\t\t\t<\/div>\n\t\t\t\t<\/div>\n\t\t<div class=\"elementor-element elementor-element-7f7caf11 e-con-full e-flex e-con e-parent\" data-id=\"7f7caf11\" data-element_type=\"container\" data-settings=\"{&quot;background_background&quot;:&quot;classic&quot;}\">\n\t\t<div class=\"elementor-element elementor-element-4f390321 e-con-full e-flex e-con e-child\" data-id=\"4f390321\" data-element_type=\"container\">\n\t\t\t\t<div class=\"elementor-element elementor-element-5d65ff73 elementor-widget elementor-widget-heading\" data-id=\"5d65ff73\" data-element_type=\"widget\" data-widget_type=\"heading.default\">\n\t\t\t\t\t<h2 class=\"elementor-heading-title elementor-size-default\">Rahmi M. Ko\u00e7 M\u00fczesi (\u00c7engelhan)<\/h2>\t\t\t\t<\/div>\n\t\t\t\t<div class=\"elementor-element elementor-element-1b60ffd1 elementor-widget elementor-widget-text-editor\" data-id=\"1b60ffd1\" data-element_type=\"widget\" data-widget_type=\"text-editor.default\">\n\t\t\t\t\t\t\t\t\t<p>Ankara Kalesi&#8217;nin giri\u015finde yer alan bu tarihi kervansaray, sizi sanayi tarihinden denizcili\u011fe kadar uzanan devasa bir koleksiyonla kar\u015f\u0131lar. Her odas\u0131nda farkl\u0131 bir icad\u0131n hikayesini bar\u0131nd\u0131ran m\u00fcze, nostalji ve teknoloji merakl\u0131lar\u0131 i\u00e7in ger\u00e7ek bir hazinedir.<\/p>\t\t\t\t\t\t\t\t<\/div>\n\t\t\t\t<\/div>\n\t\t<div class=\"elementor-element elementor-element-447c4b74 e-con-full e-flex e-con e-child\" data-id=\"447c4b74\" data-element_type=\"container\">\n\t\t\t\t<div class=\"elementor-element elementor-element-cc297a6 elementor-widget elementor-widget-image\" data-id=\"cc297a6\" data-element_type=\"widget\" data-widget_type=\"image.default\">\n\t\t\t\t\t\t\t\t\t\t\t\t\t\t\t<img decoding=\"async\" src=\"http:\/\/localhost\/wp-content\/uploads\/2025\/12\/image.jpg\" title=\"\" alt=\"\" loading=\"lazy\" \/>\t\t\t\t\t\t\t\t\t\t\t\t\t\t\t<\/div>\n\t\t\t\t<\/div>\n\t\t\t\t<\/div>\n\t\t<div class=\"elementor-element elementor-element-66a55106 e-con-full e-flex e-con e-parent\" data-id=\"66a55106\" data-element_type=\"container\" data-settings=\"{&quot;background_background&quot;:&quot;classic&quot;}\">\n\t\t<div class=\"elementor-element elementor-element-74dbba9f e-con-full e-flex e-con e-child\" data-id=\"74dbba9f\" data-element_type=\"container\">\n\t\t\t\t<div class=\"elementor-element elementor-element-45108d22 elementor-widget elementor-widget-heading\" data-id=\"45108d22\" data-element_type=\"widget\" data-widget_type=\"heading.default\">\n\t\t\t\t\t<h2 class=\"elementor-heading-title elementor-size-default\">Se\u011fmenler Park\u0131<\/h2>\t\t\t\t<\/div>\n\t\t\t\t<div class=\"elementor-element elementor-element-11d76806 elementor-widget elementor-widget-text-editor\" data-id=\"11d76806\" data-element_type=\"widget\" data-widget_type=\"text-editor.default\">\n\t\t\t\t\t\t\t\t\t<p>Ankaral\u0131lar i\u00e7in bir parktan \u00e7ok daha fazlas\u0131 olan Se\u011fmenler, \u015fehrin i\u00e7inde \u00f6zg\u00fcrl\u00fc\u011f\u00fc ve huzuru bulabilece\u011finiz en ye\u015fil ka\u00e7\u0131\u015f noktalar\u0131ndan biridir. \u0130ni\u015fli \u00e7\u0131k\u0131\u015fl\u0131 \u00e7im alanlar\u0131 ve sanatsal heykelleriyle, hafta sonu piknikleri ve samimi sohbetler i\u00e7in vazge\u00e7ilmez bir adrestir.<\/p>\t\t\t\t\t\t\t\t<\/div>\n\t\t\t\t<\/div>\n\t\t<div class=\"elementor-element elementor-element-51adc6fd e-con-full e-flex e-con e-child\" data-id=\"51adc6fd\" data-element_type=\"container\">\n\t\t\t\t<div class=\"elementor-element elementor-element-656a736c elementor-widget elementor-widget-image\" data-id=\"656a736c\" data-element_type=\"widget\" data-widget_type=\"image.default\">\n\t\t\t\t\t\t\t\t\t\t\t\t\t\t\t<img decoding=\"async\" src=\"http:\/\/localhost\/wp-content\/uploads\/2025\/05\/segmenler-parki-1_pkud.jpg\" title=\"\" alt=\"\" loading=\"lazy\" \/>\t\t\t\t\t\t\t\t\t\t\t\t\t\t\t<\/div>\n\t\t\t\t<\/div>\n\t\t\t\t<\/div>\n\t\t<div class=\"elementor-element elementor-element-4d5a0fe4 e-con-full e-flex e-con e-parent\" data-id=\"4d5a0fe4\" data-element_type=\"container\" data-settings=\"{&quot;background_background&quot;:&quot;classic&quot;}\">\n\t\t<div class=\"elementor-element elementor-element-741ec0f5 e-con-full e-flex e-con e-child\" data-id=\"741ec0f5\" data-element_type=\"container\">\n\t\t\t\t<div class=\"elementor-element elementor-element-1bc1286e elementor-widget elementor-widget-heading\" data-id=\"1bc1286e\" data-element_type=\"widget\" data-widget_type=\"heading.default\">\n\t\t\t\t\t<h2 class=\"elementor-heading-title elementor-size-default\">Estergon Kalesi<\/h2>\t\t\t\t<\/div>\n\t\t\t\t<div class=\"elementor-element elementor-element-100ee5a2 elementor-widget elementor-widget-text-editor\" data-id=\"100ee5a2\" data-element_type=\"widget\" data-widget_type=\"text-editor.default\">\n\t\t\t\t\t\t\t\t\t<p>Macaristan\u2019daki asl\u0131ndan esinlenerek in\u015fa edilen bu g\u00f6rkemli kale, Sel\u00e7uklu ve Osmanl\u0131 s\u00fcsleme sanatlar\u0131n\u0131n en g\u00fczel \u00f6rneklerini sunar. \u0130\u00e7indeki Etno\u011frafya M\u00fczesi&#8217;ni gezdikten sonra, kalenin seyir kat\u0131nda geleneksel T\u00fcrk yemeklerinin tad\u0131na bakarken \u015fehri izleyebilirsiniz.<\/p>\t\t\t\t\t\t\t\t<\/div>\n\t\t\t\t<\/div>\n\t\t<div class=\"elementor-element elementor-element-5edc641f e-con-full e-flex e-con e-child\" data-id=\"5edc641f\" data-element_type=\"container\">\n\t\t\t\t<div class=\"elementor-element elementor-element-7c6b6296 elementor-widget elementor-widget-image\" data-id=\"7c6b6296\" data-element_type=\"widget\" data-widget_type=\"image.default\">\n\t\t\t\t\t\t\t\t\t\t\t\t\t\t\t<img decoding=\"async\" src=\"http:\/\/localhost\/wp-content\/uploads\/2025\/12\/esztergom-castle-cultural-center-03.jpg\" title=\"\" alt=\"\" loading=\"lazy\" \/>\t\t\t\t\t\t\t\t\t\t\t\t\t\t\t<\/div>\n\t\t\t\t<\/div>\n\t\t\t\t<\/div>\n\t\t<div class=\"elementor-element elementor-element-27cc98a6 e-flex e-con-boxed e-con e-parent\" data-id=\"27cc98a6\" data-element_type=\"container\">\n\t\t\t\t\t<div class=\"e-con-inner\">\n\t\t\t\t\t<\/div>\n\t\t\t\t<\/div>\n\t\t\t\t<\/div>\n\t\t","protected":false},"excerpt":{"rendered":"<p>An\u0131tkabir An\u0131tkabir, T\u00fcrkiye Cumhuriyeti&#8217;nin kurucusu Mustafa Kemal Atat\u00fcrk&#8217;\u00fcn modern ve geleneksel mimarinin e\u015fsiz bir sentezi olan ebedi istirahatgah\u0131d\u0131r. Ankara&#8217;n\u0131n kalbinde y\u00fckselen bu an\u0131t kompleks, her k\u00f6\u015fesindeki derin sembolizm ve bar\u0131nd\u0131rd\u0131\u011f\u0131 Kurtulu\u015f Sava\u015f\u0131 m\u00fczesiyle milli m\u00fccadelenin ruhunu ziyaret\u00e7ilerine hissettirir. Ankara Kalesi \u015eehrin en eski tan\u0131\u011f\u0131 olan Ankara Kalesi, dar sokaklar\u0131 ve [&hellip;]<\/p>\n","protected":false},"author":1,"featured_media":455,"parent":0,"menu_order":0,"comment_status":"closed","ping_status":"closed","template":"","meta":{"_themeisle_gutenberg_block_has_review":false,"footnotes":""},"class_list":["post-305","page","type-page","status-publish","has-post-thumbnail","hentry"],"_links":{"self":[{"href":"https:\/\/xn--ankarannizleri-cgc.com\/index.php?rest_route=\/wp\/v2\/pages\/305","targetHints":{"allow":["GET"]}}],"collection":[{"href":"https:\/\/xn--ankarannizleri-cgc.com\/index.php?rest_route=\/wp\/v2\/pages"}],"about":[{"href":"https:\/\/xn--ankarannizleri-cgc.com\/index.php?rest_route=\/wp\/v2\/types\/page"}],"author":[{"embeddable":true,"href":"https:\/\/xn--ankarannizleri-cgc.com\/index.php?rest_route=\/wp\/v2\/users\/1"}],"replies":[{"embeddable":true,"href":"https:\/\/xn--ankarannizleri-cgc.com\/index.php?rest_route=%2Fwp%2Fv2%2Fcomments&post=305"}],"version-history":[{"count":0,"href":"https:\/\/xn--ankarannizleri-cgc.com\/index.php?rest_route=\/wp\/v2\/pages\/305\/revisions"}],"wp:featuredmedia":[{"embeddable":true,"href":"https:\/\/xn--ankarannizleri-cgc.com\/index.php?rest_route=\/"}],"wp:attachment":[{"href":"https:\/\/xn--ankarannizleri-cgc.com\/index.php?rest_route=%2Fwp%2Fv2%2Fmedia&parent=305"}],"curies":[{"name":"wp","href":"https:\/\/api.w.org\/{rel}","templated":true}]}}