{"id":358,"date":"2025-12-16T19:22:14","date_gmt":"2025-12-16T16:22:14","guid":{"rendered":"http:\/\/localhost\/?page_id=358"},"modified":"2025-12-16T19:22:14","modified_gmt":"2025-12-16T16:22:14","slug":"ankara-kalesi","status":"publish","type":"page","link":"https:\/\/xn--ankarannizleri-cgc.com\/?page_id=358","title":{"rendered":"Ankara Kalesi"},"content":{"rendered":"\t\t<div data-elementor-type=\"wp-page\" data-elementor-id=\"358\" class=\"elementor elementor-358\">\n\t\t\t\t<div class=\"elementor-element elementor-element-62b044c6 e-flex e-con-boxed e-con e-parent\" data-id=\"62b044c6\" data-element_type=\"container\">\n\t\t\t\t\t<div class=\"e-con-inner\">\n\t\t\t\t<div class=\"elementor-element elementor-element-6b3459a4 elementor-widget elementor-widget-text-editor\" data-id=\"6b3459a4\" data-element_type=\"widget\" data-widget_type=\"text-editor.default\">\n\t\t\t\t\t\t\t\t\t\n<h2 class=\"wp-block-heading\">\ud83c\udff0 Ankara Kalesi: \u015eehrin En Eski Bek\u00e7isi<\/h2>\n\n\n\n<p>Ankara&#8217;n\u0131n Ulus semtine hakim bir tepe \u00fczerinde as\u0131rlard\u0131r dimdik ayakta duran <strong>Ankara Kalesi<\/strong>, \u015fehrin en eski ve en dramatik tan\u0131\u011f\u0131d\u0131r. Hititler d\u00f6nemine kadar uzanan k\u00f6kl\u00fc bir ge\u00e7mi\u015fe sahip olan kale, Galatlar, Romal\u0131lar, Bizansl\u0131lar ve Sel\u00e7uklular gibi say\u0131s\u0131z medeniyete ev sahipli\u011fi yapm\u0131\u015ft\u0131r.<\/p>\n\n\n\n<h3 class=\"wp-block-heading\">\ud83d\udcdc Tarih ve Mimari<\/h3>\n\n\n\n<p>Kalenin mevcut yap\u0131s\u0131n\u0131n b\u00fcy\u00fck bir k\u0131sm\u0131, Bizans d\u00f6neminde yeniden in\u015fa edilmi\u015f ve daha sonra Sel\u00e7uklular taraf\u0131ndan onar\u0131lm\u0131\u015ft\u0131r. Kalenin surlar\u0131 ve kuleleri, \u015fehrin farkl\u0131 d\u00f6nemlerinde y\u0131k\u0131lan yap\u0131lar\u0131n (Roma yap\u0131lar\u0131, mezar ta\u015flar\u0131) ta\u015flar\u0131 kullan\u0131larak yap\u0131lm\u0131\u015ft\u0131r; bu da kaleyi adeta bir <strong>a\u00e7\u0131k hava mimarl\u0131k tarihi m\u00fczesi<\/strong> haline getirir.<\/p>\n\n\n\n<h3 class=\"wp-block-heading\">\u26f0\ufe0f Neden Ziyaret Etmelisiniz?<\/h3>\n\n\n\n<ul class=\"wp-block-list\">\n<li><strong>E\u015fsiz Panoramik Manzara:<\/strong> Kalenin zirvesi olan <strong>Akkale<\/strong>, t\u00fcm Ankara&#8217;y\u0131 360 derece izleyebilece\u011finiz tart\u0131\u015fmas\u0131z en iyi noktad\u0131r. Eski Ankara&#8217;n\u0131n dar sokaklar\u0131ndan, modern Ankara&#8217;n\u0131n g\u00f6kdelenlerine kadar t\u00fcm sil\u00fceti tek bir noktadan foto\u011fraflayabilirsiniz.<\/li>\n\n\n\n<li><strong>Tarihi Mahalleler:<\/strong> Kaleye \u00e7\u0131kan dar ve ta\u015f d\u00f6\u015feli sokaklar, restore edilmi\u015f geleneksel Ankara evleriyle (\u00f6zellikle <strong>Alt\u0131nda\u011f<\/strong> b\u00f6lgesi) \u00e7evrilidir. Bu sokaklarda y\u00fcr\u00fcmek, kendinizi ge\u00e7mi\u015f bir T\u00fcrk dizisinin setinde hissetmenizi sa\u011flayacakt\u0131r.<\/li>\n\n\n\n<li><strong>Antika ve El Sanatlar\u0131:<\/strong> Kale \u00e7evresinde ve hemen a\u015fa\u011f\u0131s\u0131nda yer alan <strong>\u00c7\u0131kr\u0131k\u00e7\u0131lar Yoku\u015fu<\/strong>, geleneksel el sanatlar\u0131 ve antika e\u015fyalar\u0131n sat\u0131ld\u0131\u011f\u0131 k\u00fc\u00e7\u00fck d\u00fckkanlarla doludur. Ankara&#8217;ya \u00f6zg\u00fc bir hat\u0131ra ar\u0131yorsan\u0131z, buras\u0131 do\u011fru adres.<\/li>\n\n\n\n<li><strong>M\u00fczelerle \u00c7evrili:<\/strong> Kaleye ini\u015finizde s\u0131ras\u0131yla Anadolu Medeniyetleri M\u00fczesi, Rahmi M. Ko\u00e7 M\u00fczesi (\u00c7engelhan) gibi Ankara&#8217;n\u0131n en de\u011ferli m\u00fczelerine kolayca ula\u015fabilirsiniz.<\/li>\n<\/ul>\n\n\n\n<blockquote class=\"wp-block-quote is-layout-flow wp-block-quote-is-layout-flow\">\n<p><strong>Ankara&#8217;n\u0131n \u0130zleri Notu:<\/strong> Kaleye \u00e7\u0131k\u0131\u015f biraz yorucu olabilir, ancak manzara i\u00e7in buna de\u011fer. G\u00fcn bat\u0131m\u0131ndan hemen \u00f6nce kaleye ula\u015fmaya \u00e7al\u0131\u015f\u0131n. G\u00fcne\u015fin bat\u0131\u015f\u0131 s\u0131ras\u0131nda Ankara&#8217;n\u0131n renk de\u011fi\u015ftiren manzaras\u0131 nefes kesicidir!<\/p>\n<\/blockquote>\n\t\t\t\t\t\t\t\t<\/div>\n\t\t\t\t\t<\/div>\n\t\t\t\t<\/div>\n\t\t<div class=\"elementor-element elementor-element-b9c550a e-flex e-con-boxed e-con e-parent\" data-id=\"b9c550a\" data-element_type=\"container\">\n\t\t\t\t\t<div class=\"e-con-inner\">\n\t\t\t\t<div class=\"elementor-element elementor-element-b31fd51 elementor-widget elementor-widget-google_maps\" data-id=\"b31fd51\" data-element_type=\"widget\" data-widget_type=\"google_maps.default\">\n\t\t\t\t\t\t\t<div class=\"elementor-custom-embed\">\n\t\t\t<iframe loading=\"lazy\"\n\t\t\t\t\tsrc=\"https:\/\/maps.google.com\/maps?q=Ankara%20Kalesi%2C%20Kale%20Mahallesi%2C%20Alt%C4%B1nda%C4%9F%2C%20Ankara%27da&#038;t=m&#038;z=10&#038;output=embed&#038;iwloc=near\"\n\t\t\t\t\ttitle=\"Ankara Kalesi, Kale Mahallesi, Alt\u0131nda\u011f, Ankara&#039;da\"\n\t\t\t\t\taria-label=\"Ankara Kalesi, Kale Mahallesi, Alt\u0131nda\u011f, Ankara&#039;da\"\n\t\t\t><\/iframe>\n\t\t<\/div>\n\t\t\t\t\t\t<\/div>\n\t\t\t\t\t<\/div>\n\t\t\t\t<\/div>\n\t\t\t\t<\/div>\n\t\t","protected":false},"excerpt":{"rendered":"<p>&#x1f3f0; Ankara Kalesi: \u015eehrin En Eski Bek\u00e7isi Ankara&#8217;n\u0131n Ulus semtine hakim bir tepe \u00fczerinde as\u0131rlard\u0131r dimdik ayakta duran Ankara Kalesi, \u015fehrin en eski ve en dramatik tan\u0131\u011f\u0131d\u0131r. Hititler d\u00f6nemine kadar uzanan k\u00f6kl\u00fc bir ge\u00e7mi\u015fe sahip olan kale, Galatlar, Romal\u0131lar, Bizansl\u0131lar ve Sel\u00e7uklular gibi say\u0131s\u0131z medeniyete ev sahipli\u011fi yapm\u0131\u015ft\u0131r. &#x1f4dc; Tarih [&hellip;]<\/p>\n","protected":false},"author":1,"featured_media":466,"parent":0,"menu_order":0,"comment_status":"closed","ping_status":"closed","template":"","meta":{"_themeisle_gutenberg_block_has_review":false,"footnotes":""},"class_list":["post-358","page","type-page","status-publish","has-post-thumbnail","hentry"],"_links":{"self":[{"href":"https:\/\/xn--ankarannizleri-cgc.com\/index.php?rest_route=\/wp\/v2\/pages\/358","targetHints":{"allow":["GET"]}}],"collection":[{"href":"https:\/\/xn--ankarannizleri-cgc.com\/index.php?rest_route=\/wp\/v2\/pages"}],"about":[{"href":"https:\/\/xn--ankarannizleri-cgc.com\/index.php?rest_route=\/wp\/v2\/types\/page"}],"author":[{"embeddable":true,"href":"https:\/\/xn--ankarannizleri-cgc.com\/index.php?rest_route=\/wp\/v2\/users\/1"}],"replies":[{"embeddable":true,"href":"https:\/\/xn--ankarannizleri-cgc.com\/index.php?rest_route=%2Fwp%2Fv2%2Fcomments&post=358"}],"version-history":[{"count":0,"href":"https:\/\/xn--ankarannizleri-cgc.com\/index.php?rest_route=\/wp\/v2\/pages\/358\/revisions"}],"wp:featuredmedia":[{"embeddable":true,"href":"https:\/\/xn--ankarannizleri-cgc.com\/index.php?rest_route=\/"}],"wp:attachment":[{"href":"https:\/\/xn--ankarannizleri-cgc.com\/index.php?rest_route=%2Fwp%2Fv2%2Fmedia&parent=358"}],"curies":[{"name":"wp","href":"https:\/\/api.w.org\/{rel}","templated":true}]}}