{"id":366,"date":"2025-12-16T19:32:25","date_gmt":"2025-12-16T16:32:25","guid":{"rendered":"http:\/\/localhost\/?page_id=366"},"modified":"2025-12-16T19:32:25","modified_gmt":"2025-12-16T16:32:25","slug":"hamamonu","status":"publish","type":"page","link":"https:\/\/xn--ankarannizleri-cgc.com\/?page_id=366","title":{"rendered":"Hamam\u00f6n\u00fc"},"content":{"rendered":"\t\t<div data-elementor-type=\"wp-page\" data-elementor-id=\"366\" class=\"elementor elementor-366\">\n\t\t\t\t<div class=\"elementor-element elementor-element-7bb6e618 e-flex e-con-boxed e-con e-parent\" data-id=\"7bb6e618\" data-element_type=\"container\">\n\t\t\t\t\t<div class=\"e-con-inner\">\n\t\t\t\t<div class=\"elementor-element elementor-element-1aee947f elementor-widget elementor-widget-text-editor\" data-id=\"1aee947f\" data-element_type=\"widget\" data-widget_type=\"text-editor.default\">\n\t\t\t\t\t\t\t\t\t\n<h2 class=\"wp-block-heading\">\u2615 Zaman\u0131n Durdu\u011fu Yer: Hamam\u00f6n\u00fc<\/h2>\n\n\n\n<p>Ankara&#8217;n\u0131n merkezinde, g\u00f6kdelenlerin ve trafi\u011fin g\u00fcr\u00fclt\u00fcs\u00fcnden sadece birka\u00e7 dakika uzakl\u0131kta, sizi bamba\u015fka bir y\u00fczy\u0131la g\u00f6t\u00fcren bir mahalle var: <strong>Hamam\u00f6n\u00fc<\/strong>. Alt\u0131nda\u011f il\u00e7esinde yer alan bu b\u00f6lge, asl\u0131na uygun olarak restore edilmi\u015f 19. y\u00fczy\u0131l sivil mimari \u00f6rnekleriyle, Ankara\u2019n\u0131n en pop\u00fcler k\u00fclt\u00fcr ve sanat rotas\u0131d\u0131r.<\/p>\n\n\n\n<h3 class=\"wp-block-heading\">\ud83c\udfdb\ufe0f Neler G\u00f6rmelisiniz?<\/h3>\n\n\n\n<ul class=\"wp-block-list\">\n<li><strong>Tarihi Konaklar ve Sanat Soka\u011f\u0131:<\/strong> Beyaz duvarlar\u0131 ve ah\u015fap s\u00fcslemeleriyle dizi dizi dizilen konaklar aras\u0131nda y\u00fcr\u00fcrken kendinizi eski bir \u0130stanbul veya Ankara masal\u0131nda hissedeceksiniz. Sanat Soka\u011f\u0131&#8217;nda yerel sanat\u00e7\u0131lar\u0131n el eme\u011fi \u00fcr\u00fcnlerini (ebru, hat, tak\u0131 tasar\u0131m\u0131) inceleyebilir ve at\u00f6lyeleri ziyaret edebilirsiniz.<\/li>\n\n\n\n<li><strong>Mehmet Akif Ersoy Evi ve M\u00fczesi:<\/strong> \u0130stiklal Mar\u015f\u0131m\u0131z\u0131n yaz\u0131ld\u0131\u011f\u0131 bu tarihi ev, Hamam\u00f6n\u00fc&#8217;n\u00fcn en \u00f6nemli manevi duraklar\u0131ndan biridir. Milli m\u00fccadele ruhunu hissetmek i\u00e7in mutlaka ziyaret edilmelidir.<\/li>\n\n\n\n<li><strong>Tarihi Karacabey Hamam\u0131:<\/strong> Mahalleye ismini veren ve 15. y\u00fczy\u0131ldan g\u00fcn\u00fcm\u00fcze ula\u015fan bu hamam, Osmanl\u0131 hamam mimarisinin en g\u00f6rkemli \u00f6rneklerinden biridir.<\/li>\n\n\n\n<li><strong>Taceddin Dergah\u0131:<\/strong> Hem tarihi hem de huzurlu bah\u00e7esiyle ruhunuzu dinlendirebilece\u011finiz bir noktad\u0131r.<\/li>\n<\/ul>\n\n\n\n<h3 class=\"wp-block-heading\">\u2728 Neden Gezmelisiniz?<\/h3>\n\n\n\n<ul class=\"wp-block-list\">\n<li><strong>Kumda Kahve Keyfi:<\/strong> Hamam\u00f6n\u00fc denince akla gelen ilk \u015feylerden biri, a\u00e7\u0131k havada k\u00f6zde veya kumda yava\u015f yava\u015f pi\u015fen T\u00fcrk kahvesidir. Tarihi atmosferde bu kahveyi yudumlamak b\u00f6lgenin imza etkinli\u011fidir.<\/li>\n\n\n\n<li><strong>Ramazan Etkinlikleri:<\/strong> E\u011fer ziyaretiniz Ramazan ay\u0131na denk gelirse, Hamam\u00f6n\u00fc eski bayramlar\u0131n ve \u015fenliklerin kalbi olur. Macun \u015fekerleri, Karag\u00f6z-Hacivat g\u00f6sterileri ve gece boyu s\u00fcren bir canl\u0131l\u0131k sizi bekler.<\/li>\n\n\n\n<li><strong>Kahvalt\u0131 Duraklar\u0131:<\/strong> Hafta sonlar\u0131 Ankaral\u0131lar\u0131n en sevdi\u011fi kahvalt\u0131 mekanlar\u0131na ev sahipli\u011fi yapar. Geleneksel serpme kahvalt\u0131lar i\u00e7in konak bah\u00e7eleri harika bir tercihtir.<\/li>\n<\/ul>\n\n\n\n<blockquote class=\"wp-block-quote is-layout-flow wp-block-quote-is-layout-flow\">\n<p><strong>Ankara&#8217;n\u0131n \u0130zleri Notu:<\/strong> Hamam\u00f6n\u00fc\u2019nde foto\u011fraf \u00e7ekmek i\u00e7in en g\u00fczel saatler, g\u00fcne\u015f \u0131\u015f\u0131\u011f\u0131n\u0131n konaklar\u0131n ah\u015fap detaylar\u0131na vurdu\u011fu ikindi saatleridir. Ayr\u0131ca gezinizi bitirirken mutlaka el a\u00e7mas\u0131 g\u00f6zlemelerin tad\u0131na bakmay\u0131 unutmay\u0131n!<\/p>\n<\/blockquote>\n\t\t\t\t\t\t\t\t<\/div>\n\t\t\t\t\t<\/div>\n\t\t\t\t<\/div>\n\t\t<div class=\"elementor-element elementor-element-97f3b2d e-flex e-con-boxed e-con e-parent\" data-id=\"97f3b2d\" data-element_type=\"container\">\n\t\t\t\t\t<div class=\"e-con-inner\">\n\t\t\t\t<div class=\"elementor-element elementor-element-c1186be elementor-widget elementor-widget-google_maps\" data-id=\"c1186be\" data-element_type=\"widget\" data-widget_type=\"google_maps.default\">\n\t\t\t\t\t\t\t<div class=\"elementor-custom-embed\">\n\t\t\t<iframe loading=\"lazy\"\n\t\t\t\t\tsrc=\"https:\/\/maps.google.com\/maps?q=Hacettepe%2C%20Sar%C4%B1kad%C4%B1%20Sk.%20No%3A31%2C%2006230%20Alt%C4%B1nda%C4%9F%2FAnkara&#038;t=m&#038;z=10&#038;output=embed&#038;iwloc=near\"\n\t\t\t\t\ttitle=\"Hacettepe, Sar\u0131kad\u0131 Sk. No:31, 06230 Alt\u0131nda\u011f\/Ankara\"\n\t\t\t\t\taria-label=\"Hacettepe, Sar\u0131kad\u0131 Sk. No:31, 06230 Alt\u0131nda\u011f\/Ankara\"\n\t\t\t><\/iframe>\n\t\t<\/div>\n\t\t\t\t\t\t<\/div>\n\t\t\t\t\t<\/div>\n\t\t\t\t<\/div>\n\t\t\t\t<\/div>\n\t\t","protected":false},"excerpt":{"rendered":"<p>&#x2615; Zaman\u0131n Durdu\u011fu Yer: Hamam\u00f6n\u00fc Ankara&#8217;n\u0131n merkezinde, g\u00f6kdelenlerin ve trafi\u011fin g\u00fcr\u00fclt\u00fcs\u00fcnden sadece birka\u00e7 dakika uzakl\u0131kta, sizi bamba\u015fka bir y\u00fczy\u0131la g\u00f6t\u00fcren bir mahalle var: Hamam\u00f6n\u00fc. Alt\u0131nda\u011f il\u00e7esinde yer alan bu b\u00f6lge, asl\u0131na uygun olarak restore edilmi\u015f 19. y\u00fczy\u0131l sivil mimari \u00f6rnekleriyle, Ankara\u2019n\u0131n en pop\u00fcler k\u00fclt\u00fcr ve sanat rotas\u0131d\u0131r. &#x1f3db;&#xfe0f; Neler G\u00f6rmelisiniz? [&hellip;]<\/p>\n","protected":false},"author":1,"featured_media":455,"parent":0,"menu_order":0,"comment_status":"closed","ping_status":"closed","template":"","meta":{"_themeisle_gutenberg_block_has_review":false,"footnotes":""},"class_list":["post-366","page","type-page","status-publish","has-post-thumbnail","hentry"],"_links":{"self":[{"href":"https:\/\/xn--ankarannizleri-cgc.com\/index.php?rest_route=\/wp\/v2\/pages\/366","targetHints":{"allow":["GET"]}}],"collection":[{"href":"https:\/\/xn--ankarannizleri-cgc.com\/index.php?rest_route=\/wp\/v2\/pages"}],"about":[{"href":"https:\/\/xn--ankarannizleri-cgc.com\/index.php?rest_route=\/wp\/v2\/types\/page"}],"author":[{"embeddable":true,"href":"https:\/\/xn--ankarannizleri-cgc.com\/index.php?rest_route=\/wp\/v2\/users\/1"}],"replies":[{"embeddable":true,"href":"https:\/\/xn--ankarannizleri-cgc.com\/index.php?rest_route=%2Fwp%2Fv2%2Fcomments&post=366"}],"version-history":[{"count":0,"href":"https:\/\/xn--ankarannizleri-cgc.com\/index.php?rest_route=\/wp\/v2\/pages\/366\/revisions"}],"wp:featuredmedia":[{"embeddable":true,"href":"https:\/\/xn--ankarannizleri-cgc.com\/index.php?rest_route=\/"}],"wp:attachment":[{"href":"https:\/\/xn--ankarannizleri-cgc.com\/index.php?rest_route=%2Fwp%2Fv2%2Fmedia&parent=366"}],"curies":[{"name":"wp","href":"https:\/\/api.w.org\/{rel}","templated":true}]}}