{"id":395,"date":"2025-12-16T20:03:18","date_gmt":"2025-12-16T17:03:18","guid":{"rendered":"http:\/\/localhost\/?page_id=395"},"modified":"2025-12-16T20:03:18","modified_gmt":"2025-12-16T17:03:18","slug":"augustus-tapinagi-ve-haci-bayram-camii","status":"publish","type":"page","link":"https:\/\/xn--ankarannizleri-cgc.com\/?page_id=395","title":{"rendered":"Augustus Tap\u0131na\u011f\u0131 ve Hac\u0131 Bayram Camii"},"content":{"rendered":"\t\t<div data-elementor-type=\"wp-page\" data-elementor-id=\"395\" class=\"elementor elementor-395\">\n\t\t\t\t<div class=\"elementor-element elementor-element-52a6cf87 e-flex e-con-boxed e-con e-parent\" data-id=\"52a6cf87\" data-element_type=\"container\">\n\t\t\t\t\t<div class=\"e-con-inner\">\n\t\t\t\t<div class=\"elementor-element elementor-element-67827ca4 elementor-widget elementor-widget-text-editor\" data-id=\"67827ca4\" data-element_type=\"widget\" data-widget_type=\"text-editor.default\">\n\t\t\t\t\t\t\t\t\t\n<p>\ud83c\udfdb\ufe0f Ho\u015fg\u00f6r\u00fcn\u00fcn ve \u0130nanc\u0131n Bulu\u015fmas\u0131: Augustus Tap\u0131na\u011f\u0131 &amp; Hac\u0131 Bayram Camii<\/p>\n\n<p>Ankara\u2019n\u0131n kalbi Ulus\u2019ta, iki farkl\u0131 medeniyetin ve iki farkl\u0131 inanc\u0131n s\u0131rt s\u0131rta vererek binlerce y\u0131ld\u0131r ayakta kald\u0131\u011f\u0131 mucizevi bir nokta vard\u0131r. Roma \u0130mparatorlu\u011fu\u2019nun g\u00f6rkemiyle Osmanl\u0131\u2019n\u0131n m\u00fctevaz\u0131 ruhaniyetinin birle\u015fti\u011fi bu meydan, Ankara\u2019n\u0131n ger\u00e7ek &#8220;izlerini&#8221; ta\u015f\u0131yan en \u00f6zel yerdir.<\/p>\n\n<h3 class=\"wp-block-heading\">\ud83c\udfdb\ufe0f Augustus Tap\u0131na\u011f\u0131: Ta\u015fa Kaz\u0131nan Tarih<\/h3>\n\n<p>M.\u00d6. 25 y\u0131l\u0131nda Roma \u0130mparatoru Augustus ad\u0131na in\u015fa edilen bu tap\u0131nak, d\u00fcnya tarihi i\u00e7in paha bi\u00e7ilemez bir hazine bar\u0131nd\u0131r\u0131r. Tap\u0131na\u011f\u0131n duvarlar\u0131nda, Augustus\u2019un hayat\u0131 boyunca yapt\u0131\u011f\u0131 i\u015fleri anlatan <strong>&#8220;Res Gestae Divi Augusti&#8221;<\/strong> yaz\u0131t\u0131 bulunur. Bu yaz\u0131t, d\u00fcnyada g\u00fcn\u00fcm\u00fcze kadar en sa\u011flam \u015fekilde ula\u015fm\u0131\u015f tek \u00f6rnektir; bu y\u00fczden arkeoloji d\u00fcnyas\u0131nda &#8220;Ankara An\u0131t\u0131&#8221; (Monumentum Ancyranum) olarak bilinir.<\/p>\n\n<h3 class=\"wp-block-heading\">\ud83d\udd4c Hac\u0131 Bayram-\u0131 Veli Camii: Ankara\u2019n\u0131n Manevi Muhaf\u0131z\u0131<\/h3>\n\n<p>Tap\u0131na\u011f\u0131n hemen biti\u015fi\u011finde y\u00fckselen bu cami, 15. y\u00fczy\u0131lda Ankaral\u0131lar\u0131n g\u00f6nl\u00fcnde taht kuran b\u00fcy\u00fck mutasavv\u0131f <strong>Hac\u0131 Bayram-\u0131 Veli<\/strong> onuruna in\u015fa edilmi\u015ftir. Sel\u00e7uklu ve Osmanl\u0131 mimarisinin zarif bir kar\u0131\u015f\u0131m\u0131 olan cami, \u00f6zellikle ah\u015fap i\u015f\u00e7ili\u011fi, tavan i\u015flemeleri ve kalem i\u015fi s\u00fcslemeleriyle g\u00f6z kama\u015ft\u0131r\u0131r.<\/p>\n\n<h3 class=\"wp-block-heading\">\u2728 Neden Birlikte Gezmelisiniz?<\/h3>\n\n<ul class=\"wp-block-list\">\n<li><strong>\u0130ki D\u00fcnya Aras\u0131nda Bir Duvar:<\/strong> Caminin duvar\u0131 ile tap\u0131na\u011f\u0131n duvar\u0131 birbirine de\u011fer. Bu g\u00f6r\u00fcnt\u00fc, Anadolu\u2019nun kadim ho\u015fg\u00f6r\u00fcs\u00fcn\u00fcn ve medeniyetlerin birbirini reddetmek yerine \u00fczerine eklenerek devam etti\u011finin en somut kan\u0131t\u0131d\u0131r.<\/li>\n\n<li><strong>Manevi Atmosfer:<\/strong> Hac\u0131 Bayram Meydan\u0131, g\u00fcn\u00fcn her saati huzur dolu bir kalabal\u0131\u011fa ev sahipli\u011fi yapar. Meydanda g\u00fcvercinleri besleyebilir, tarihi atmosferde derin bir nefes alabilirsiniz.<\/li>\n\n<li><strong>Kitap\u00e7\u0131lar ve Tesbih\u00e7iler:<\/strong> Caminin \u00e7evresindeki d\u00fckkanlarda dini kitaplar, otantik kokular, tesbihler ve Ankara\u2019ya \u00f6zg\u00fc hediyelik e\u015fyalar aras\u0131nda kaybolabilirsiniz.<\/li>\n\n<li><strong>Gece I\u015f\u0131kland\u0131rmas\u0131:<\/strong> Hem tap\u0131na\u011f\u0131n s\u00fctunlar\u0131 hem de caminin minareleri ak\u015fam saatlerinde harika bir \u0131\u015f\u0131kland\u0131rmaya sahiptir. Foto\u011fraf tutkunlar\u0131 i\u00e7in b\u00fcy\u00fcleyici kareler sunar.<\/li>\n<\/ul>\n\n<blockquote class=\"wp-block-quote is-layout-flow wp-block-quote-is-layout-flow\">\n<p><strong>Ankara&#8217;n\u0131n \u0130zleri Notu:<\/strong> Tap\u0131na\u011f\u0131n duvar\u0131ndaki binlerce y\u0131ll\u0131k Latince yaz\u0131lar ile camiden y\u00fckselen ezan sesinin birbirine kar\u0131\u015ft\u0131\u011f\u0131 o an\u0131 yakalamaya \u00e7al\u0131\u015f\u0131n. Buras\u0131, Ankara&#8217;n\u0131n sadece modern bir ba\u015fkent de\u011fil, d\u00fcnya tarihinin en \u00f6nemli kav\u015faklar\u0131ndan biri oldu\u011funun ispat\u0131d\u0131r.<\/p>\n<\/blockquote>\n\t\t\t\t\t\t\t\t<\/div>\n\t\t\t\t\t<\/div>\n\t\t\t\t<\/div>\n\t\t<div class=\"elementor-element elementor-element-ea73fcb e-flex e-con-boxed e-con e-parent\" data-id=\"ea73fcb\" data-element_type=\"container\">\n\t\t\t\t\t<div class=\"e-con-inner\">\n\t\t\t\t<div class=\"elementor-element elementor-element-2758c0f elementor-widget elementor-widget-google_maps\" data-id=\"2758c0f\" data-element_type=\"widget\" data-widget_type=\"google_maps.default\">\n\t\t\t\t\t\t\t<div class=\"elementor-custom-embed\">\n\t\t\t<iframe loading=\"lazy\"\n\t\t\t\t\tsrc=\"https:\/\/maps.google.com\/maps?q=Augustus%20Tap%C4%B1na%C4%9F%C4%B1%20ve%20Hac%C4%B1%20Bayram%20Camii&#038;t=m&#038;z=12&#038;output=embed&#038;iwloc=near\"\n\t\t\t\t\ttitle=\"Augustus Tap\u0131na\u011f\u0131 ve Hac\u0131 Bayram Camii\"\n\t\t\t\t\taria-label=\"Augustus Tap\u0131na\u011f\u0131 ve Hac\u0131 Bayram Camii\"\n\t\t\t><\/iframe>\n\t\t<\/div>\n\t\t\t\t\t\t<\/div>\n\t\t\t\t\t<\/div>\n\t\t\t\t<\/div>\n\t\t\t\t<\/div>\n\t\t","protected":false},"excerpt":{"rendered":"<p>&#x1f3db;&#xfe0f; Ho\u015fg\u00f6r\u00fcn\u00fcn ve \u0130nanc\u0131n Bulu\u015fmas\u0131: Augustus Tap\u0131na\u011f\u0131 &amp; Hac\u0131 Bayram Camii Ankara\u2019n\u0131n kalbi Ulus\u2019ta, iki farkl\u0131 medeniyetin ve iki farkl\u0131 inanc\u0131n s\u0131rt s\u0131rta vererek binlerce y\u0131ld\u0131r ayakta kald\u0131\u011f\u0131 mucizevi bir nokta vard\u0131r. Roma \u0130mparatorlu\u011fu\u2019nun g\u00f6rkemiyle Osmanl\u0131\u2019n\u0131n m\u00fctevaz\u0131 ruhaniyetinin birle\u015fti\u011fi bu meydan, Ankara\u2019n\u0131n ger\u00e7ek &#8220;izlerini&#8221; ta\u015f\u0131yan en \u00f6zel yerdir. &#x1f3db;&#xfe0f; Augustus [&hellip;]<\/p>\n","protected":false},"author":1,"featured_media":469,"parent":0,"menu_order":0,"comment_status":"closed","ping_status":"closed","template":"","meta":{"_themeisle_gutenberg_block_has_review":false,"footnotes":""},"class_list":["post-395","page","type-page","status-publish","has-post-thumbnail","hentry"],"_links":{"self":[{"href":"https:\/\/xn--ankarannizleri-cgc.com\/index.php?rest_route=\/wp\/v2\/pages\/395","targetHints":{"allow":["GET"]}}],"collection":[{"href":"https:\/\/xn--ankarannizleri-cgc.com\/index.php?rest_route=\/wp\/v2\/pages"}],"about":[{"href":"https:\/\/xn--ankarannizleri-cgc.com\/index.php?rest_route=\/wp\/v2\/types\/page"}],"author":[{"embeddable":true,"href":"https:\/\/xn--ankarannizleri-cgc.com\/index.php?rest_route=\/wp\/v2\/users\/1"}],"replies":[{"embeddable":true,"href":"https:\/\/xn--ankarannizleri-cgc.com\/index.php?rest_route=%2Fwp%2Fv2%2Fcomments&post=395"}],"version-history":[{"count":0,"href":"https:\/\/xn--ankarannizleri-cgc.com\/index.php?rest_route=\/wp\/v2\/pages\/395\/revisions"}],"wp:featuredmedia":[{"embeddable":true,"href":"https:\/\/xn--ankarannizleri-cgc.com\/index.php?rest_route=\/"}],"wp:attachment":[{"href":"https:\/\/xn--ankarannizleri-cgc.com\/index.php?rest_route=%2Fwp%2Fv2%2Fmedia&parent=395"}],"curies":[{"name":"wp","href":"https:\/\/api.w.org\/{rel}","templated":true}]}}