{"id":491,"date":"2025-12-17T00:16:37","date_gmt":"2025-12-16T21:16:37","guid":{"rendered":"http:\/\/localhost\/?page_id=491"},"modified":"2025-12-17T00:16:37","modified_gmt":"2025-12-16T21:16:37","slug":"cermodern","status":"publish","type":"page","link":"https:\/\/xn--ankarannizleri-cgc.com\/?page_id=491","title":{"rendered":"CerModern"},"content":{"rendered":"\t\t<div data-elementor-type=\"wp-page\" data-elementor-id=\"491\" class=\"elementor elementor-491\">\n\t\t\t\t<div class=\"elementor-element elementor-element-2af1ce9c e-flex e-con-boxed e-con e-parent\" data-id=\"2af1ce9c\" data-element_type=\"container\">\n\t\t\t\t\t<div class=\"e-con-inner\">\n\t\t\t\t<div class=\"elementor-element elementor-element-282eeab elementor-widget elementor-widget-text-editor\" data-id=\"282eeab\" data-element_type=\"widget\" data-widget_type=\"text-editor.default\">\n\t\t\t\t\t\t\t\t\t\n<h2 class=\"wp-block-heading\">\ud83c\udfa8 Sanat\u0131n End\u00fcstriyel D\u00f6n\u00fc\u015f\u00fcm\u00fc: CerModern<\/h2>\n\n\n\n<p>Ankara\u2019n\u0131n tarih kokan sokaklar\u0131ndan s\u0131yr\u0131l\u0131p modern, minimalist ve ilham verici bir d\u00fcnyaya ad\u0131m atmak istiyorsan\u0131z, do\u011fru yerdesiniz. <strong>CerModern<\/strong>, sadece bir sanat galerisi de\u011fil; eski bir tren bak\u0131m hangar\u0131n\u0131n (Cer At\u00f6lyeleri) k\u00fcllerinden do\u011fan, Ankara\u2019n\u0131n k\u00fclt\u00fcrel vizyonunu d\u00fcnyaya a\u00e7an devasa bir sanat kompleksidir.<\/p>\n\n\n\n<h3 class=\"wp-block-heading\">\ud83c\udfdb\ufe0f Mekan\u0131n Ruhu: End\u00fcstriyel Estetik<\/h3>\n\n\n\n<p>CerModern\u2019in en b\u00fcy\u00fcleyici yan\u0131 mimarisidir. 1920\u2019li y\u0131llarda demiryollar\u0131 i\u00e7in kullan\u0131lan at\u00f6lyelerin, y\u00fcksek tavanl\u0131 ve geni\u015f pencereli yap\u0131s\u0131 korunarak modern bir sanat merkezine d\u00f6n\u00fc\u015ft\u00fcr\u00fclmesi, mekana e\u015fsiz bir karakter kazand\u0131r\u0131r. Betonun so\u011fuklu\u011fu, sanat\u0131n s\u0131cakl\u0131\u011f\u0131yla burada birle\u015fir.<\/p>\n\n\n\n<h3 class=\"wp-block-heading\">\ud83d\uddbc\ufe0f \u0130\u00e7eride Sizi Neler Bekliyor?<\/h3>\n\n\n\n<ul class=\"wp-block-list\">\n<li><strong>S\u00fcrekli De\u011fi\u015fen Sergiler:<\/strong> CerModern, d\u00fcnya \u00e7ap\u0131nda tan\u0131nm\u0131\u015f sanat\u00e7\u0131lar\u0131n resim, heykel ve foto\u011fraf sergilerine ev sahipli\u011fi yapar. Klasik m\u00fcze anlay\u0131\u015f\u0131n\u0131n aksine, buradaki sergiler her zaman dinamiktir ve ziyaret\u00e7iyi d\u00fc\u015f\u00fcnmeye sevk eder.<\/li>\n\n\n\n<li><strong>A\u00e7\u0131k Hava Sinemas\u0131:<\/strong> Yaz ak\u015famlar\u0131n\u0131n vazge\u00e7ilmezi olan CerModern bah\u00e7esinde, y\u0131ld\u0131zlar\u0131n alt\u0131nda ba\u011f\u0131ms\u0131z filmleri izlemek Ankaral\u0131lar i\u00e7in bir rit\u00fceldir.<\/li>\n\n\n\n<li><strong>CerEdebiyat ve At\u00f6lyeler:<\/strong> Sadece g\u00f6rsel sanatlar de\u011fil; edebiyat s\u00f6yle\u015fileri, yarat\u0131c\u0131 yazarl\u0131k at\u00f6lyeleri ve \u00e7ocuklar i\u00e7in sanat e\u011fitimleriyle ya\u015fayan bir kamp\u00fcst\u00fcr.<\/li>\n\n\n\n<li><strong>Foto\u011fraf\u00e7\u0131lar \u0130\u00e7in Cennet:<\/strong> Geni\u015f avlusu, heykelleri ve end\u00fcstriyel \u00e7izgileriyle hem profesyonel hem de Instagram merakl\u0131s\u0131 gezginler i\u00e7in her k\u00f6\u015fe ba\u015f\u0131nda bir kare gizlidir.<\/li>\n<\/ul>\n\n\n\n<h3 class=\"wp-block-heading\">\u2615 Sanat Aras\u0131: CerCafe<\/h3>\n\n\n\n<p>Gezinizden sonra CerModern\u2019in kafesinde oturup, y\u00fcksek tavanlar\u0131n alt\u0131ndaki sessizlikte kahvenizi yudumlayabilirsiniz. Buras\u0131, Ankara&#8217;n\u0131n en huzurlu okuma ve \u00e7al\u0131\u015fma alanlar\u0131ndan biri olarak bilinir.<\/p>\n\n\n\n<h3 class=\"wp-block-heading\">\u2728 Neden Gezmelisiniz?<\/h3>\n\n\n\n<ul class=\"wp-block-list\">\n<li><strong>\u015eehrin Modern Nabz\u0131:<\/strong> Ankara&#8217;n\u0131n sadece b\u00fcrokrasiden ibaret olmad\u0131\u011f\u0131n\u0131, \u00e7ok g\u00fc\u00e7l\u00fc bir sanat damar\u0131na sahip oldu\u011funu kan\u0131tlayan en somut yerdir.<\/li>\n\n\n\n<li><strong>Eri\u015filebilirlik:<\/strong> S\u0131hhiye\u2019nin merkezinde, tren raylar\u0131n\u0131n hemen yan\u0131nda yer alan bu merkez, \u015fehrin kaosu i\u00e7inde bir vaha gibidir.<\/li>\n<\/ul>\n\n\n\n<blockquote class=\"wp-block-quote is-layout-flow wp-block-quote-is-layout-flow\">\n<p><strong>Ankara&#8217;n\u0131n \u0130zleri Notu:<\/strong> CerModern\u2019e gitmeden \u00f6nce mutlaka web sitesinden veya sosyal medya hesaplar\u0131ndan g\u00fcncel sergileri kontrol edin. Ayr\u0131ca hafta sonlar\u0131 d\u00fczenlenen &#8220;Tasar\u0131m Pazarlar\u0131&#8221;na denk gelirseniz, yerel tasar\u0131mc\u0131lar\u0131n \u00f6zg\u00fcn \u00fcr\u00fcnlerini ke\u015ffetme \u015fans\u0131 yakalayabilirsiniz.<\/p>\n<\/blockquote>\n\t\t\t\t\t\t\t\t<\/div>\n\t\t\t\t\t<\/div>\n\t\t\t\t<\/div>\n\t\t<div class=\"elementor-element elementor-element-1faf7e1 e-flex e-con-boxed e-con e-parent\" data-id=\"1faf7e1\" data-element_type=\"container\">\n\t\t\t\t\t<div class=\"e-con-inner\">\n\t\t\t\t<div class=\"elementor-element elementor-element-0067182 elementor-widget elementor-widget-google_maps\" data-id=\"0067182\" data-element_type=\"widget\" data-widget_type=\"google_maps.default\">\n\t\t\t\t\t\t\t<div class=\"elementor-custom-embed\">\n\t\t\t<iframe loading=\"lazy\"\n\t\t\t\t\tsrc=\"https:\/\/maps.google.com\/maps?q=London%20Eye%2C%20Londra%2C%20Birle%C5%9Fik%20Krall%C4%B1k&#038;t=m&#038;z=10&#038;output=embed&#038;iwloc=near\"\n\t\t\t\t\ttitle=\"London Eye, Londra, Birle\u015fik Krall\u0131k\"\n\t\t\t\t\taria-label=\"London Eye, Londra, Birle\u015fik Krall\u0131k\"\n\t\t\t><\/iframe>\n\t\t<\/div>\n\t\t\t\t\t\t<\/div>\n\t\t\t\t\t<\/div>\n\t\t\t\t<\/div>\n\t\t\t\t<\/div>\n\t\t","protected":false},"excerpt":{"rendered":"<p>&#x1f3a8; Sanat\u0131n End\u00fcstriyel D\u00f6n\u00fc\u015f\u00fcm\u00fc: CerModern Ankara\u2019n\u0131n tarih kokan sokaklar\u0131ndan s\u0131yr\u0131l\u0131p modern, minimalist ve ilham verici bir d\u00fcnyaya ad\u0131m atmak istiyorsan\u0131z, do\u011fru yerdesiniz. CerModern, sadece bir sanat galerisi de\u011fil; eski bir tren bak\u0131m hangar\u0131n\u0131n (Cer At\u00f6lyeleri) k\u00fcllerinden do\u011fan, Ankara\u2019n\u0131n k\u00fclt\u00fcrel vizyonunu d\u00fcnyaya a\u00e7an devasa bir sanat kompleksidir. &#x1f3db;&#xfe0f; Mekan\u0131n Ruhu: End\u00fcstriyel [&hellip;]<\/p>\n","protected":false},"author":1,"featured_media":470,"parent":0,"menu_order":0,"comment_status":"closed","ping_status":"closed","template":"","meta":{"_themeisle_gutenberg_block_has_review":false,"footnotes":""},"class_list":["post-491","page","type-page","status-publish","has-post-thumbnail","hentry"],"_links":{"self":[{"href":"https:\/\/xn--ankarannizleri-cgc.com\/index.php?rest_route=\/wp\/v2\/pages\/491","targetHints":{"allow":["GET"]}}],"collection":[{"href":"https:\/\/xn--ankarannizleri-cgc.com\/index.php?rest_route=\/wp\/v2\/pages"}],"about":[{"href":"https:\/\/xn--ankarannizleri-cgc.com\/index.php?rest_route=\/wp\/v2\/types\/page"}],"author":[{"embeddable":true,"href":"https:\/\/xn--ankarannizleri-cgc.com\/index.php?rest_route=\/wp\/v2\/users\/1"}],"replies":[{"embeddable":true,"href":"https:\/\/xn--ankarannizleri-cgc.com\/index.php?rest_route=%2Fwp%2Fv2%2Fcomments&post=491"}],"version-history":[{"count":0,"href":"https:\/\/xn--ankarannizleri-cgc.com\/index.php?rest_route=\/wp\/v2\/pages\/491\/revisions"}],"wp:featuredmedia":[{"embeddable":true,"href":"https:\/\/xn--ankarannizleri-cgc.com\/index.php?rest_route=\/"}],"wp:attachment":[{"href":"https:\/\/xn--ankarannizleri-cgc.com\/index.php?rest_route=%2Fwp%2Fv2%2Fmedia&parent=491"}],"curies":[{"name":"wp","href":"https:\/\/api.w.org\/{rel}","templated":true}]}}