{"id":497,"date":"2025-12-17T00:32:01","date_gmt":"2025-12-16T21:32:01","guid":{"rendered":"http:\/\/localhost\/?page_id=497"},"modified":"2025-12-17T00:32:01","modified_gmt":"2025-12-16T21:32:01","slug":"rahmi-koc-muzesi","status":"publish","type":"page","link":"https:\/\/xn--ankarannizleri-cgc.com\/?page_id=497","title":{"rendered":"Rahmi Ko\u00e7 M\u00fczesi"},"content":{"rendered":"\t\t<div data-elementor-type=\"wp-page\" data-elementor-id=\"497\" class=\"elementor elementor-497\">\n\t\t\t\t<div class=\"elementor-element elementor-element-658b55d0 e-flex e-con-boxed e-con e-parent\" data-id=\"658b55d0\" data-element_type=\"container\">\n\t\t\t\t\t<div class=\"e-con-inner\">\n\t\t\t\t<div class=\"elementor-element elementor-element-5e193357 elementor-widget elementor-widget-text-editor\" data-id=\"5e193357\" data-element_type=\"widget\" data-widget_type=\"text-editor.default\">\n\t\t\t\t\t\t\t\t\t\n<h2 class=\"wp-block-heading\">\ud83d\ude82 Zaman\u0131n Tan\u0131\u011f\u0131, Sanayinin Haf\u0131zas\u0131: Rahmi M. Ko\u00e7 M\u00fczesi<\/h2>\n\n\n\n<p>Ankara Kalesi\u2019nin hemen giri\u015finde, tarihi bir atmosferin i\u00e7inde sizi selamlayan <strong>Rahmi M. Ko\u00e7 M\u00fczesi<\/strong>, Ankara&#8217;n\u0131n ilk sanayi m\u00fczesi olma \u00f6zelli\u011fini ta\u015f\u0131r. M\u00fcze, sadece sergilenen objelerle de\u011fil, i\u00e7inde bulundu\u011fu muazzam yap\u0131larla da ziyaret\u00e7ilerini b\u00fcy\u00fcleyen bir zaman t\u00fcneli gibidir.<\/p>\n\n\n\n<h3 class=\"wp-block-heading\">\ud83c\udfdb\ufe0f Tarihi Mekanlar: \u00c7engelhan ve Safranhan<\/h3>\n\n\n\n<p>M\u00fcze, Kanuni Sultan S\u00fcleyman d\u00f6neminde in\u015fa edilen <strong>\u00c7engelhan<\/strong> ve hemen yan\u0131ndaki <strong>Safranhan<\/strong> olmak \u00fczere iki tarihi handa hizmet vermektedir. 500 y\u0131ll\u0131k bu hanlar\u0131n restore edilmi\u015f odalar\u0131nda gezerken, att\u0131\u011f\u0131n\u0131z her ad\u0131mda Osmanl\u0131\u2019n\u0131n ticaret hayat\u0131n\u0131n izlerini ve g\u00fcn\u00fcm\u00fcz teknolojisinin atalar\u0131n\u0131 g\u00f6rebilirsiniz.<\/p>\n\n\n\n<h3 class=\"wp-block-heading\">\u2693 M\u00fczede Sizi Neler Bekliyor?<\/h3>\n\n\n\n<ul class=\"wp-block-list\">\n<li><strong>Geni\u015f Koleksiyon Yelpesi:<\/strong> Denizcilikten havac\u0131l\u0131\u011fa, karayolu ula\u015f\u0131m\u0131ndan eczac\u0131l\u0131\u011fa, oyuncaklardan matbaac\u0131l\u0131\u011fa kadar 32 farkl\u0131 b\u00f6l\u00fcmde binlerce obje sergilenmektedir.<\/li>\n\n\n\n<li><strong>Atat\u00fcrk ve Ankara B\u00f6l\u00fcm\u00fc:<\/strong> Cumhuriyetimizin kurucusu Mustafa Kemal Atat\u00fcrk&#8217;e ait ki\u015fisel e\u015fyalar\u0131 ve Ankara&#8217;n\u0131n sanayi tarihini anlatan \u00f6zel objeleri burada g\u00f6rebilirsiniz.<\/li>\n\n\n\n<li><strong>Nostaljik D\u00fckkanlar:<\/strong> Eski bir eczaneyi, ayakkab\u0131c\u0131y\u0131 veya berber d\u00fckkan\u0131n\u0131 t\u00fcm detaylar\u0131yla, asl\u0131na uygun \u015fekilde canland\u0131r\u0131lm\u0131\u015f halde g\u00f6rmek sizi 1900&#8217;lerin ba\u015f\u0131na g\u00f6t\u00fcrecek.<\/li>\n\n\n\n<li><strong>Ula\u015f\u0131m Ara\u00e7lar\u0131:<\/strong> Klasik otomobiller, devasa buharl\u0131 makineler ve u\u00e7ak modelleri, m\u00fczenin en \u00e7ok ilgi g\u00f6ren b\u00f6l\u00fcmleri aras\u0131ndad\u0131r.<\/li>\n<\/ul>\n\n\n\n<h3 class=\"wp-block-heading\">\ud83c\udf7d\ufe0f M\u00fczede Bir Mola: Safranhan Brasserie<\/h3>\n\n\n\n<p>M\u00fcze gezinize \u015f\u0131k bir mola vermek isterseniz, tarihi Safranhan\u2019\u0131n i\u00e7indeki restoranda oturabilirsiniz. Buras\u0131, Ankara&#8217;n\u0131n en nezih ve otantik yemek duraklar\u0131ndan biridir.<\/p>\n\n\n\n<h3 class=\"wp-block-heading\">\u2728 Neden Gezmelisiniz?<\/h3>\n\n\n\n<ul class=\"wp-block-list\">\n<li><strong>E\u011fitici ve E\u011flenceli:<\/strong> Her ya\u015ftan ziyaret\u00e7iye hitap eder. \u00c7ocuklar i\u00e7in eski oyuncaklar ve makineler merak uyand\u0131r\u0131rken, yeti\u015fkinler i\u00e7in nostalji dolu bir yolculuk sunar.<\/li>\n\n\n\n<li><strong>Foto\u011fraf Kareleri:<\/strong> Han\u0131n orta avlusu ve tarihi pencerelerinden s\u00fcz\u00fclen \u0131\u015f\u0131k, foto\u011fraf merakl\u0131lar\u0131 i\u00e7in m\u00fckemmel a\u00e7\u0131lar yarat\u0131r.<\/li>\n\n\n\n<li><strong>Kale Turunun Tamamlay\u0131c\u0131s\u0131:<\/strong> Ankara Kalesi\u2019ne \u00e7\u0131kmadan veya indikten sonra bu m\u00fczeyi gezmek, g\u00fcn\u00fcn\u00fcz\u00fc k\u00fclt\u00fcrel bir \u015f\u00f6lene d\u00f6n\u00fc\u015ft\u00fcr\u00fcr.<\/li>\n<\/ul>\n\n\n\n<blockquote class=\"wp-block-quote is-layout-flow wp-block-quote-is-layout-flow\">\n<p><strong>Ankara&#8217;n\u0131n \u0130zleri Notu:<\/strong> M\u00fcze \u00e7ok kapsaml\u0131 oldu\u011fu i\u00e7in gezmek i\u00e7in en az 2 saatinizi ay\u0131rman\u0131z\u0131 \u00f6neririz. Ayr\u0131ca m\u00fcze ma\u011fazas\u0131nda, sergilenen objelerin minyat\u00fcrlerini ve Ankara\u2019ya \u00f6zg\u00fc \u00e7ok \u00f6zel hediyelikleri bulabilirsiniz.<\/p>\n<\/blockquote>\n\t\t\t\t\t\t\t\t<\/div>\n\t\t\t\t\t<\/div>\n\t\t\t\t<\/div>\n\t\t<div class=\"elementor-element elementor-element-0f4bdbe e-flex e-con-boxed e-con e-parent\" data-id=\"0f4bdbe\" data-element_type=\"container\">\n\t\t\t\t\t<div class=\"e-con-inner\">\n\t\t\t\t<div class=\"elementor-element elementor-element-fe4c26d elementor-widget elementor-widget-google_maps\" data-id=\"fe4c26d\" data-element_type=\"widget\" data-widget_type=\"google_maps.default\">\n\t\t\t\t\t\t\t<div class=\"elementor-custom-embed\">\n\t\t\t<iframe loading=\"lazy\"\n\t\t\t\t\tsrc=\"https:\/\/maps.google.com\/maps?q=Rahmi%20Ko%C3%A7%20M%C3%BCzesi%20Ankara&#038;t=m&#038;z=13&#038;output=embed&#038;iwloc=near\"\n\t\t\t\t\ttitle=\"Rahmi Ko\u00e7 M\u00fczesi Ankara\"\n\t\t\t\t\taria-label=\"Rahmi Ko\u00e7 M\u00fczesi Ankara\"\n\t\t\t><\/iframe>\n\t\t<\/div>\n\t\t\t\t\t\t<\/div>\n\t\t\t\t\t<\/div>\n\t\t\t\t<\/div>\n\t\t\t\t<\/div>\n\t\t","protected":false},"excerpt":{"rendered":"<p>&#x1f682; Zaman\u0131n Tan\u0131\u011f\u0131, Sanayinin Haf\u0131zas\u0131: Rahmi M. Ko\u00e7 M\u00fczesi Ankara Kalesi\u2019nin hemen giri\u015finde, tarihi bir atmosferin i\u00e7inde sizi selamlayan Rahmi M. Ko\u00e7 M\u00fczesi, Ankara&#8217;n\u0131n ilk sanayi m\u00fczesi olma \u00f6zelli\u011fini ta\u015f\u0131r. M\u00fcze, sadece sergilenen objelerle de\u011fil, i\u00e7inde bulundu\u011fu muazzam yap\u0131larla da ziyaret\u00e7ilerini b\u00fcy\u00fcleyen bir zaman t\u00fcneli gibidir. &#x1f3db;&#xfe0f; Tarihi Mekanlar: \u00c7engelhan [&hellip;]<\/p>\n","protected":false},"author":1,"featured_media":471,"parent":0,"menu_order":0,"comment_status":"closed","ping_status":"closed","template":"","meta":{"_themeisle_gutenberg_block_has_review":false,"footnotes":""},"class_list":["post-497","page","type-page","status-publish","has-post-thumbnail","hentry"],"_links":{"self":[{"href":"https:\/\/xn--ankarannizleri-cgc.com\/index.php?rest_route=\/wp\/v2\/pages\/497","targetHints":{"allow":["GET"]}}],"collection":[{"href":"https:\/\/xn--ankarannizleri-cgc.com\/index.php?rest_route=\/wp\/v2\/pages"}],"about":[{"href":"https:\/\/xn--ankarannizleri-cgc.com\/index.php?rest_route=\/wp\/v2\/types\/page"}],"author":[{"embeddable":true,"href":"https:\/\/xn--ankarannizleri-cgc.com\/index.php?rest_route=\/wp\/v2\/users\/1"}],"replies":[{"embeddable":true,"href":"https:\/\/xn--ankarannizleri-cgc.com\/index.php?rest_route=%2Fwp%2Fv2%2Fcomments&post=497"}],"version-history":[{"count":0,"href":"https:\/\/xn--ankarannizleri-cgc.com\/index.php?rest_route=\/wp\/v2\/pages\/497\/revisions"}],"wp:featuredmedia":[{"embeddable":true,"href":"https:\/\/xn--ankarannizleri-cgc.com\/index.php?rest_route=\/"}],"wp:attachment":[{"href":"https:\/\/xn--ankarannizleri-cgc.com\/index.php?rest_route=%2Fwp%2Fv2%2Fmedia&parent=497"}],"curies":[{"name":"wp","href":"https:\/\/api.w.org\/{rel}","templated":true}]}}