{"id":505,"date":"2025-12-17T00:40:02","date_gmt":"2025-12-16T21:40:02","guid":{"rendered":"http:\/\/localhost\/?page_id=505"},"modified":"2025-12-17T00:40:02","modified_gmt":"2025-12-16T21:40:02","slug":"estergon-kalesi","status":"publish","type":"page","link":"https:\/\/xn--ankarannizleri-cgc.com\/?page_id=505","title":{"rendered":"Estergon Kalesi"},"content":{"rendered":"\t\t<div data-elementor-type=\"wp-page\" data-elementor-id=\"505\" class=\"elementor elementor-505\">\n\t\t\t\t<div class=\"elementor-element elementor-element-57a72801 e-flex e-con-boxed e-con e-parent\" data-id=\"57a72801\" data-element_type=\"container\">\n\t\t\t\t\t<div class=\"e-con-inner\">\n\t\t\t\t<div class=\"elementor-element elementor-element-23d7b3f9 elementor-widget elementor-widget-text-editor\" data-id=\"23d7b3f9\" data-element_type=\"widget\" data-widget_type=\"text-editor.default\">\n\t\t\t\t\t\t\t\t\t\n<h2 class=\"wp-block-heading\">\ud83c\udff0 S\u0131n\u0131rlar\u0131 A\u015fan Bir Miras: Estergon Kalesi<\/h2>\n\n\n\n<p>Ankara\u2019n\u0131n kuzeyinde, Ke\u00e7i\u00f6ren s\u0131rtlar\u0131nda y\u00fckselen <strong>Estergon Kalesi<\/strong>, ad\u0131n\u0131 Macaristan&#8217;daki me\u015fhur T\u00fcrk kalesinden alan ve T\u00fcrk tarihinin g\u00f6rkemini Ankara siluetine ta\u015f\u0131yan muazzam bir yap\u0131d\u0131r. Buras\u0131 sadece bir kale de\u011fil; T\u00fcrk k\u00fclt\u00fcr\u00fcn\u00fcn, el sanatlar\u0131n\u0131n ve mutfa\u011f\u0131n\u0131n harmanland\u0131\u011f\u0131 ya\u015fayan bir k\u00fclt\u00fcr merkezidir.<\/p>\n\n\n\n<h3 class=\"wp-block-heading\">\ud83c\udfdb\ufe0f Mimarideki Sakl\u0131 Detaylar<\/h3>\n\n\n\n<p>Kalenin in\u015fas\u0131nda tamamen geleneksel T\u00fcrk mimarisi esas al\u0131nm\u0131\u015ft\u0131r. Giri\u015f kap\u0131s\u0131 olan <strong>Ta\u00e7 Kap\u0131<\/strong>, Sel\u00e7uklu mimarisinin en zarif \u00f6rneklerinden biri olan Karatay Medresesi&#8217;nin kap\u0131s\u0131ndan esinlenerek yap\u0131lm\u0131\u015ft\u0131r. Kalenin her k\u00f6\u015fesinde g\u00f6rece\u011finiz mermer i\u015f\u00e7ilikleri ve \u00e7iniler, Anadolu&#8217;nun bin y\u0131ll\u0131k estetik anlay\u0131\u015f\u0131n\u0131 yans\u0131t\u0131r.<\/p>\n\n\n\n<h3 class=\"wp-block-heading\">\ud83c\udffa \u0130\u00e7eride Sizi Neler Bekliyor?<\/h3>\n\n\n\n<ul class=\"wp-block-list\">\n<li><strong>Etnografya M\u00fczesi:<\/strong> Kalenin i\u00e7inde yer alan m\u00fcze kat\u0131nda, T\u00fcrk tarihine ait geleneksel k\u0131yafetler, silahlar, tak\u0131lar ve g\u00fcnl\u00fck ya\u015fam objeleri sergilenir. Tarihe merakl\u0131 olanlar i\u00e7in ufuk a\u00e7\u0131c\u0131 bir sergileme sunar.<\/li>\n\n\n\n<li><strong>Seyir Teras\u0131:<\/strong> Ke\u00e7i\u00f6ren ve Ankara&#8217;n\u0131n geni\u015f bir b\u00f6l\u00fcm\u00fcn\u00fc tepeden izleyebilece\u011finiz seyir teras\u0131, \u00f6zellikle ak\u015fam \u0131\u015f\u0131kland\u0131rmas\u0131 ba\u015flad\u0131\u011f\u0131nda muazzam bir manzara sunar.<\/li>\n\n\n\n<li><strong>Geleneksel Sanatlar \u00c7ar\u015f\u0131s\u0131:<\/strong> Ah\u015fap oymac\u0131l\u0131\u011f\u0131ndan ebruya, bak\u0131rc\u0131l\u0131ktan dokumaya kadar pek \u00e7ok geleneksel sanat\u0131n icra edildi\u011fi d\u00fckkanlar\u0131 gezebilir, ustalar\u0131n \u00e7al\u0131\u015fmalar\u0131n\u0131 canl\u0131 izleyebilirsiniz.<\/li>\n<\/ul>\n\n\n\n<h3 class=\"wp-block-heading\">\ud83e\udd58 Lezzet Dura\u011f\u0131: K\u00fcmbet Restoran<\/h3>\n\n\n\n<p>Kalenin en \u00fcst kat\u0131nda bulunan ve Sel\u00e7uklu k\u00fcmbet mimarisine sahip olan restoranda, Ankara\u2019n\u0131n manzaras\u0131na kar\u015f\u0131 geleneksel T\u00fcrk mutfa\u011f\u0131n\u0131n en se\u00e7kin lezzetlerini tadabilirsiniz. \u00d6zellikle hafta sonu kahvalt\u0131lar\u0131 i\u00e7in \u015fehirdeki en otantik mekanlardan biridir.<\/p>\n\n\n\n<h3 class=\"wp-block-heading\">\u2728 Neden Gezmelisiniz?<\/h3>\n\n\n\n<ul class=\"wp-block-list\">\n<li><strong>K\u00fclt\u00fcrel Derinlik:<\/strong> Modern bir \u015fehirde, Orta Asya\u2019dan Anadolu\u2019ya uzanan T\u00fcrk k\u00fclt\u00fcr\u00fcn\u00fc tek bir \u00e7at\u0131 alt\u0131nda hissetmek i\u00e7in en do\u011fru adrestir.<\/li>\n\n\n\n<li><strong>Teleferik Deneyimi:<\/strong> Gezinizi unutulmaz k\u0131lmak isterseniz, kalenin hemen yak\u0131n\u0131ndan kalkan teleferi\u011fe binerek hem kaleyi hem de Ankara\u2019y\u0131 ku\u015f bak\u0131\u015f\u0131 seyredebilirsiniz.<\/li>\n\n\n\n<li><strong>Farkl\u0131 Bir Atmosfer:<\/strong> Klasik m\u00fczelerin d\u0131\u015f\u0131na \u00e7\u0131kmak ve kale g\u00f6rkeminde bir g\u00fcn ge\u00e7irmek isteyenler i\u00e7in idealdir.<\/li>\n<\/ul>\n\n\n\n<blockquote class=\"wp-block-quote is-layout-flow wp-block-quote-is-layout-flow\">\n<p><strong>Ankara&#8217;n\u0131n \u0130zleri Notu:<\/strong> Estergon Kalesi&#8217;ni ziyaret ettikten sonra, kalenin hemen \u00f6n\u00fcndeki <strong>\u015eelale<\/strong>&#8216;nin yan\u0131nda y\u00fcr\u00fcy\u00fc\u015f yapmay\u0131 unutmay\u0131n. Ak\u015fam saatlerinde yap\u0131lan \u0131\u015f\u0131k g\u00f6sterileri kalenin atmosferini daha da masals\u0131 bir hale getiriyor.<\/p>\n<\/blockquote>\n\t\t\t\t\t\t\t\t<\/div>\n\t\t\t\t\t<\/div>\n\t\t\t\t<\/div>\n\t\t<div class=\"elementor-element elementor-element-92c8e9f e-flex e-con-boxed e-con e-parent\" data-id=\"92c8e9f\" data-element_type=\"container\">\n\t\t\t\t\t<div class=\"e-con-inner\">\n\t\t\t\t<div class=\"elementor-element elementor-element-58d464f elementor-widget elementor-widget-google_maps\" data-id=\"58d464f\" data-element_type=\"widget\" data-widget_type=\"google_maps.default\">\n\t\t\t\t\t\t\t<div class=\"elementor-custom-embed\">\n\t\t\t<iframe loading=\"lazy\"\n\t\t\t\t\tsrc=\"https:\/\/maps.google.com\/maps?q=estergon%20kalesi%20ankara&#038;t=m&#038;z=15&#038;output=embed&#038;iwloc=near\"\n\t\t\t\t\ttitle=\"estergon kalesi ankara\"\n\t\t\t\t\taria-label=\"estergon kalesi ankara\"\n\t\t\t><\/iframe>\n\t\t<\/div>\n\t\t\t\t\t\t<\/div>\n\t\t\t\t\t<\/div>\n\t\t\t\t<\/div>\n\t\t\t\t<\/div>\n\t\t","protected":false},"excerpt":{"rendered":"<p>&#x1f3f0; S\u0131n\u0131rlar\u0131 A\u015fan Bir Miras: Estergon Kalesi Ankara\u2019n\u0131n kuzeyinde, Ke\u00e7i\u00f6ren s\u0131rtlar\u0131nda y\u00fckselen Estergon Kalesi, ad\u0131n\u0131 Macaristan&#8217;daki me\u015fhur T\u00fcrk kalesinden alan ve T\u00fcrk tarihinin g\u00f6rkemini Ankara siluetine ta\u015f\u0131yan muazzam bir yap\u0131d\u0131r. Buras\u0131 sadece bir kale de\u011fil; T\u00fcrk k\u00fclt\u00fcr\u00fcn\u00fcn, el sanatlar\u0131n\u0131n ve mutfa\u011f\u0131n\u0131n harmanland\u0131\u011f\u0131 ya\u015fayan bir k\u00fclt\u00fcr merkezidir. &#x1f3db;&#xfe0f; Mimarideki Sakl\u0131 Detaylar [&hellip;]<\/p>\n","protected":false},"author":1,"featured_media":472,"parent":0,"menu_order":0,"comment_status":"closed","ping_status":"closed","template":"","meta":{"_themeisle_gutenberg_block_has_review":false,"footnotes":""},"class_list":["post-505","page","type-page","status-publish","has-post-thumbnail","hentry"],"_links":{"self":[{"href":"https:\/\/xn--ankarannizleri-cgc.com\/index.php?rest_route=\/wp\/v2\/pages\/505","targetHints":{"allow":["GET"]}}],"collection":[{"href":"https:\/\/xn--ankarannizleri-cgc.com\/index.php?rest_route=\/wp\/v2\/pages"}],"about":[{"href":"https:\/\/xn--ankarannizleri-cgc.com\/index.php?rest_route=\/wp\/v2\/types\/page"}],"author":[{"embeddable":true,"href":"https:\/\/xn--ankarannizleri-cgc.com\/index.php?rest_route=\/wp\/v2\/users\/1"}],"replies":[{"embeddable":true,"href":"https:\/\/xn--ankarannizleri-cgc.com\/index.php?rest_route=%2Fwp%2Fv2%2Fcomments&post=505"}],"version-history":[{"count":0,"href":"https:\/\/xn--ankarannizleri-cgc.com\/index.php?rest_route=\/wp\/v2\/pages\/505\/revisions"}],"wp:featuredmedia":[{"embeddable":true,"href":"https:\/\/xn--ankarannizleri-cgc.com\/index.php?rest_route=\/"}],"wp:attachment":[{"href":"https:\/\/xn--ankarannizleri-cgc.com\/index.php?rest_route=%2Fwp%2Fv2%2Fmedia&parent=505"}],"curies":[{"name":"wp","href":"https:\/\/api.w.org\/{rel}","templated":true}]}}