{"id":9,"date":"2025-03-26T15:07:52","date_gmt":"2025-03-26T12:07:52","guid":{"rendered":"http:\/\/localhost\/?page_id=2"},"modified":"2025-03-26T15:07:52","modified_gmt":"2025-03-26T12:07:52","slug":"ornek-sayfa","status":"publish","type":"page","link":"https:\/\/xn--ankarannizleri-cgc.com\/?page_id=9","title":{"rendered":"Hakk\u0131m\u0131zda"},"content":{"rendered":"\n<p>Neden &#8220;Ankara&#8217;n\u0131n \u0130zleri&#8221;?<\/p>\n\n\n\n<p>Biz,&nbsp;Ankara&#8217;n\u0131n sadece resmi binalardan,&nbsp;memurlardan ve yo\u011fun trafikten ibaret olmad\u0131\u011f\u0131na inanan,&nbsp;\u015fehre tutkuyla ba\u011fl\u0131 bir ekibiz.&nbsp;Herkesin g\u00f6rd\u00fc\u011f\u00fc&nbsp;<strong>Atakule<\/strong>&nbsp;ve&nbsp;<strong>An\u0131tkabir<\/strong>&#8216;i seviyoruz,&nbsp;ancak biz ayn\u0131 zamanda&nbsp;<strong>Hamam\u00f6n\u00fc&#8217;n\u00fcn gizli bir kona\u011f\u0131ndaki saks\u0131 \u00e7i\u00e7e\u011fini<\/strong>,&nbsp;<strong>Ankara Kalesi&#8217;nin y\u0131k\u0131k bir duvar\u0131ndaki antik ta\u015f\u0131<\/strong>&nbsp;ve&nbsp;<strong>Eymir G\u00f6l\u00fc&#8217;n\u00fcn sabah sisini<\/strong>&nbsp;de g\u00f6r\u00fcyoruz.<\/p>\n\n\n\n<p>&#8220;Ankara&#8217;n\u0131n \u0130zleri&#8221;,&nbsp;\u015fehrin derin tarihini,&nbsp;sakl\u0131 kalm\u0131\u015f ruhunu ve dinamik modern y\u00fcz\u00fcn\u00fc bir araya getiren bir \u015fehir rehberidir.&nbsp;Amac\u0131m\u0131z,&nbsp;\u015fehrin&nbsp;<em>izlerini<\/em>&nbsp;s\u00fcrerek,&nbsp;size rehber kitaplarda bulamayaca\u011f\u0131n\u0131z o samimi ve yerel deneyimi sunmakt\u0131r.<\/p>\n\n\n\n<hr class=\"wp-block-separator has-alpha-channel-opacity\"\/>\n\n\n\n<h2 class=\"wp-block-heading\">&#x1f525; Bizi Farkl\u0131 K\u0131lan Ne?<\/h2>\n\n\n\n<p>Biz s\u0131radan bir tur rehberi de\u011filiz; biz,&nbsp;\u015fehrin iyi filtrelenmi\u015f hikaye anlat\u0131c\u0131lar\u0131y\u0131z.<\/p>\n\n\n\n<ul class=\"wp-block-list\">\n<li><strong>&#x1f50d; Mikro-Anlat\u0131c\u0131l\u0131k:<\/strong>\u00a0Mekanlar hakk\u0131nda ansiklopedik,\u00a0uzun yaz\u0131lar yerine,\u00a0duyguyu ve tarihi an\u0131nda yakalayan\u00a0<strong>birka\u00e7 c\u00fcmlelik \u00e7arp\u0131c\u0131<\/strong>\u00a0a\u00e7\u0131klamalar kullan\u0131r\u0131z.\u00a0Amac\u0131m\u0131z,\u00a0az zamanda \u00e7ok \u015fey hissetmenizi sa\u011flamakt\u0131r.<\/li>\n\n\n\n<li><strong>&#x1f4cd; Gizli Cevher Avc\u0131l\u0131\u011f\u0131:<\/strong>\u00a0Herkesin gitti\u011fi yerlerin \u00f6tesinde,\u00a0Ankaral\u0131lar\u0131n bile bilmedi\u011fi o\u00a0<strong>en iyi simit f\u0131r\u0131n\u0131n\u0131, en sessiz sahaflar\u0131 ve en huzurlu park k\u00f6\u015felerini<\/strong>\u00a0sizin i\u00e7in ke\u015ffediyoruz.<\/li>\n\n\n\n<li><strong>&#x1f9ed; Tematik Rotac\u0131l\u0131k:<\/strong>\u00a0Gezinizi kolayla\u015ft\u0131r\u0131yoruz.\u00a0&#8220;Cumhuriyetin \u0130lk Ad\u0131mlar\u0131 Rotas\u0131&#8221;,\u00a0&#8220;Ankara\u2019n\u0131n En \u0130yi 5 Kahvecisi&#8221; gibi tematik rotalarla \u015fehrin alt\u0131n\u0131 \u00fcst\u00fcne getirmenizi sa\u011fl\u0131yoruz.<\/li>\n<\/ul>\n\n\n\n<hr class=\"wp-block-separator has-alpha-channel-opacity\"\/>\n\n\n\n<h2 class=\"wp-block-heading\">&#x1f91d; Bize Kat\u0131l\u0131n, Kendi \u0130zini B\u0131rak!<\/h2>\n\n\n\n<p>Ankara\u2019da ke\u015ffedilecek daha pek \u00e7ok&nbsp;<em>iz<\/em>&nbsp;var.<\/p>\n\n\n\n<p>Siz de bir Ankaral\u0131ysan\u0131z veya bu \u015fehre a\u015f\u0131k bir gezginseniz; sizin de bildi\u011finiz,&nbsp;bizim hen\u00fcz bulamad\u0131\u011f\u0131m\u0131z bir&nbsp;<em>iz<\/em>&nbsp;varsa,&nbsp;bize yazmaktan \u00e7ekinmeyin!<\/p>\n\n\n\n<p><strong>Ankara&#8217;n\u0131n sadece gri bir \u015fehir de\u011fil, y\u00fczlerce y\u0131ll\u0131k medeniyetin \u00fczerine kurulmu\u015f, ya\u015fayabilece\u011finiz en canl\u0131 \u015fehirlerden biri oldu\u011funu birlikte g\u00f6sterelim!<\/strong><\/p>\n","protected":false},"excerpt":{"rendered":"<p>Neden &#8220;Ankara&#8217;n\u0131n \u0130zleri&#8221;? Biz,&nbsp;Ankara&#8217;n\u0131n sadece resmi binalardan,&nbsp;memurlardan ve yo\u011fun trafikten ibaret olmad\u0131\u011f\u0131na inanan,&nbsp;\u015fehre tutkuyla ba\u011fl\u0131 bir ekibiz.&nbsp;Herkesin g\u00f6rd\u00fc\u011f\u00fc&nbsp;Atakule&nbsp;ve&nbsp;An\u0131tkabir&#8216;i seviyoruz,&nbsp;ancak biz ayn\u0131 zamanda&nbsp;Hamam\u00f6n\u00fc&#8217;n\u00fcn gizli bir kona\u011f\u0131ndaki saks\u0131 \u00e7i\u00e7e\u011fini,&nbsp;Ankara Kalesi&#8217;nin y\u0131k\u0131k bir duvar\u0131ndaki antik ta\u015f\u0131&nbsp;ve&nbsp;Eymir G\u00f6l\u00fc&#8217;n\u00fcn sabah sisini&nbsp;de g\u00f6r\u00fcyoruz. &#8220;Ankara&#8217;n\u0131n \u0130zleri&#8221;,&nbsp;\u015fehrin derin tarihini,&nbsp;sakl\u0131 kalm\u0131\u015f ruhunu ve dinamik modern y\u00fcz\u00fcn\u00fc bir araya getiren [&hellip;]<\/p>\n","protected":false},"author":1,"featured_media":0,"parent":0,"menu_order":0,"comment_status":"closed","ping_status":"open","template":"","meta":{"_themeisle_gutenberg_block_has_review":false,"footnotes":""},"class_list":["post-9","page","type-page","status-publish","hentry"],"_links":{"self":[{"href":"https:\/\/xn--ankarannizleri-cgc.com\/index.php?rest_route=\/wp\/v2\/pages\/9","targetHints":{"allow":["GET"]}}],"collection":[{"href":"https:\/\/xn--ankarannizleri-cgc.com\/index.php?rest_route=\/wp\/v2\/pages"}],"about":[{"href":"https:\/\/xn--ankarannizleri-cgc.com\/index.php?rest_route=\/wp\/v2\/types\/page"}],"author":[{"embeddable":true,"href":"https:\/\/xn--ankarannizleri-cgc.com\/index.php?rest_route=\/wp\/v2\/users\/1"}],"replies":[{"embeddable":true,"href":"https:\/\/xn--ankarannizleri-cgc.com\/index.php?rest_route=%2Fwp%2Fv2%2Fcomments&post=9"}],"version-history":[{"count":0,"href":"https:\/\/xn--ankarannizleri-cgc.com\/index.php?rest_route=\/wp\/v2\/pages\/9\/revisions"}],"wp:attachment":[{"href":"https:\/\/xn--ankarannizleri-cgc.com\/index.php?rest_route=%2Fwp%2Fv2%2Fmedia&parent=9"}],"curies":[{"name":"wp","href":"https:\/\/api.w.org\/{rel}","templated":true}]}}